{"id":5615,"date":"2023-03-06T09:25:10","date_gmt":"2023-03-06T09:25:10","guid":{"rendered":"https:\/\/toskani.com\/ch\/product\/total-recovery-gel\/"},"modified":"2024-01-02T09:33:56","modified_gmt":"2024-01-02T09:33:56","slug":"gel-de-recuperation-totale","status":"publish","type":"product","link":"https:\/\/toskani.com\/ch\/fr\/produit\/gel-de-recuperation-totale\/","title":{"rendered":"Gel de r\u00e9cup\u00e9ration totale"},"content":{"rendered":"<p>Gel r\u00e9parateur, hydratant et apaisant \u00e0 l&#8217;aloe vera. Texture facilement absorb\u00e9e qui facilite le processus de r\u00e9tablissement de la peau irrit\u00e9e ou gerc\u00e9e. Convient pour le visage et le corps.<\/p>\n","protected":false},"excerpt":{"rendered":"<p>Gel r\u00e9parateur, hydratant et apaisant \u00e0 l&#8217;aloe vera. Texture facilement absorb\u00e9e qui facilite le processus de r\u00e9tablissement de la peau irrit\u00e9e ou gerc\u00e9e. Convient pour le visage et le corps.<\/p>\n","protected":false},"featured_media":4595,"template":"","meta":[],"product_cat":[142,124,202],"product_tag":[],"class_list":["post-5615","product","type-product","status-publish","has-post-thumbnail","hentry","product_cat-cremas-fr","product_cat-facial-fr","product_cat-reparar-fr"],"acf":[],"aioseo_notices":[],"_links":{"self":[{"href":"https:\/\/toskani.com\/ch\/fr\/wp-json\/wp\/v2\/product\/5615","targetHints":{"allow":["GET"]}}],"collection":[{"href":"https:\/\/toskani.com\/ch\/fr\/wp-json\/wp\/v2\/product"}],"about":[{"href":"https:\/\/toskani.com\/ch\/fr\/wp-json\/wp\/v2\/types\/product"}],"wp:featuredmedia":[{"embeddable":true,"href":"https:\/\/toskani.com\/ch\/fr\/wp-json\/wp\/v2\/media\/4595"}],"wp:attachment":[{"href":"https:\/\/toskani.com\/ch\/fr\/wp-json\/wp\/v2\/media?parent=5615"}],"wp:term":[{"taxonomy":"product_cat","embeddable":true,"href":"https:\/\/toskani.com\/ch\/fr\/wp-json\/wp\/v2\/product_cat?post=5615"},{"taxonomy":"product_tag","embeddable":true,"href":"https:\/\/toskani.com\/ch\/fr\/wp-json\/wp\/v2\/product_tag?post=5615"}],"curies":[{"name":"wp","href":"https:\/\/api.w.org\/{rel}","templated":true}]}}