{"id":5610,"date":"2023-03-06T12:56:33","date_gmt":"2023-03-06T12:56:33","guid":{"rendered":"https:\/\/toskani.com\/ch\/product\/antipollution-ampoule\/"},"modified":"2024-01-02T09:33:48","modified_gmt":"2024-01-02T09:33:48","slug":"antipollution-ampoule","status":"publish","type":"product","link":"https:\/\/toskani.com\/ch\/fr\/produit\/antipollution-ampoule\/","title":{"rendered":"Ampoule antipollution"},"content":{"rendered":"<p>Solution intensive \u00e0 usage quotidien pour prot\u00e9ger la peau. Contient du glutathion qui inhibe le stress oxydatif, favorise la r\u00e9g\u00e9n\u00e9ration cellulaire et stimule la synth\u00e8se du collag\u00e8ne. Elle contient \u00e9galement des vitamines et des sucres qui aident \u00e0 r\u00e9duire les irritations, \u00e0 pr\u00e9venir l&#8217;apparition des taches et des rides caus\u00e9es par la pollution et le photovieillissement.<span class=\"Apple-converted-space\"> <\/span><\/p>\n<p>L&#8217;emballage contient 15 ampoules de 2 ml.<span class=\"Apple-converted-space\"> <\/span><\/p>\n","protected":false},"excerpt":{"rendered":"<p>Solution intensive \u00e0 usage quotidien pour prot\u00e9ger la peau. Contient du glutathion qui inhibe le stress oxydatif, favorise la r\u00e9g\u00e9n\u00e9ration cellulaire et stimule la synth\u00e8se du collag\u00e8ne. Elle contient \u00e9galement [&hellip;]<\/p>\n","protected":false},"featured_media":4628,"template":"","meta":[],"product_cat":[177,124,178],"product_tag":[],"class_list":["post-5610","product","type-product","status-publish","has-post-thumbnail","hentry","product_cat-ampollas-fr","product_cat-facial-fr","product_cat-proteccion-fr"],"acf":[],"aioseo_notices":[],"_links":{"self":[{"href":"https:\/\/toskani.com\/ch\/fr\/wp-json\/wp\/v2\/product\/5610","targetHints":{"allow":["GET"]}}],"collection":[{"href":"https:\/\/toskani.com\/ch\/fr\/wp-json\/wp\/v2\/product"}],"about":[{"href":"https:\/\/toskani.com\/ch\/fr\/wp-json\/wp\/v2\/types\/product"}],"wp:featuredmedia":[{"embeddable":true,"href":"https:\/\/toskani.com\/ch\/fr\/wp-json\/wp\/v2\/media\/4628"}],"wp:attachment":[{"href":"https:\/\/toskani.com\/ch\/fr\/wp-json\/wp\/v2\/media?parent=5610"}],"wp:term":[{"taxonomy":"product_cat","embeddable":true,"href":"https:\/\/toskani.com\/ch\/fr\/wp-json\/wp\/v2\/product_cat?post=5610"},{"taxonomy":"product_tag","embeddable":true,"href":"https:\/\/toskani.com\/ch\/fr\/wp-json\/wp\/v2\/product_tag?post=5610"}],"curies":[{"name":"wp","href":"https:\/\/api.w.org\/{rel}","templated":true}]}}