{"id":5605,"date":"2023-03-06T13:45:04","date_gmt":"2023-03-06T13:45:04","guid":{"rendered":"https:\/\/toskani.com\/ch\/product\/antiaging-eye-contour\/"},"modified":"2024-01-02T09:33:54","modified_gmt":"2024-01-02T09:33:54","slug":"contour-des-yeux-anti-vieillissement","status":"publish","type":"product","link":"https:\/\/toskani.com\/ch\/fr\/produit\/contour-des-yeux-anti-vieillissement\/","title":{"rendered":"Contour des yeux anti-\u00e2ge"},"content":{"rendered":"<p>S\u00e9rum hydratant sp\u00e9cialement formul\u00e9 pour le contour d\u00e9licat des yeux. Pr\u00e9vient la perte de fermet\u00e9 pour retarder l&#8217;apparition des rides, tout en am\u00e9liorant l&#8217;apparence des rides et des lignes d&#8217;expression d\u00e9j\u00e0 form\u00e9es. Donne \u00e0 la peau un aspect plus jeune et plus sain.<\/p>\n","protected":false},"excerpt":{"rendered":"<p>S\u00e9rum hydratant sp\u00e9cialement formul\u00e9 pour le contour d\u00e9licat des yeux. Pr\u00e9vient la perte de fermet\u00e9 pour retarder l&#8217;apparition des rides, tout en am\u00e9liorant l&#8217;apparence des rides et des lignes d&#8217;expression [&hellip;]<\/p>\n","protected":false},"featured_media":4607,"template":"","meta":[],"product_cat":[123,147,124],"product_tag":[],"class_list":["post-5605","product","type-product","status-publish","has-post-thumbnail","hentry","product_cat-antiedad-fr","product_cat-contorno-de-ojos-fr","product_cat-facial-fr"],"acf":[],"aioseo_notices":[],"_links":{"self":[{"href":"https:\/\/toskani.com\/ch\/fr\/wp-json\/wp\/v2\/product\/5605","targetHints":{"allow":["GET"]}}],"collection":[{"href":"https:\/\/toskani.com\/ch\/fr\/wp-json\/wp\/v2\/product"}],"about":[{"href":"https:\/\/toskani.com\/ch\/fr\/wp-json\/wp\/v2\/types\/product"}],"wp:featuredmedia":[{"embeddable":true,"href":"https:\/\/toskani.com\/ch\/fr\/wp-json\/wp\/v2\/media\/4607"}],"wp:attachment":[{"href":"https:\/\/toskani.com\/ch\/fr\/wp-json\/wp\/v2\/media?parent=5605"}],"wp:term":[{"taxonomy":"product_cat","embeddable":true,"href":"https:\/\/toskani.com\/ch\/fr\/wp-json\/wp\/v2\/product_cat?post=5605"},{"taxonomy":"product_tag","embeddable":true,"href":"https:\/\/toskani.com\/ch\/fr\/wp-json\/wp\/v2\/product_tag?post=5605"}],"curies":[{"name":"wp","href":"https:\/\/api.w.org\/{rel}","templated":true}]}}