{"id":5600,"date":"2023-03-06T15:22:22","date_gmt":"2023-03-06T15:22:22","guid":{"rendered":"https:\/\/toskani.com\/ch\/product\/antipollution-total-defense-cream\/"},"modified":"2024-01-02T09:33:44","modified_gmt":"2024-01-02T09:33:44","slug":"creme-antipollution-defense-totale","status":"publish","type":"product","link":"https:\/\/toskani.com\/ch\/fr\/produit\/creme-antipollution-defense-totale\/","title":{"rendered":"Cr\u00e8me antipollution d\u00e9fense totale"},"content":{"rendered":"<p>Cr\u00e8me de soin intensif qui prot\u00e8ge la peau des agressions environnementales quotidiennes responsables du vieillissement pr\u00e9matur\u00e9. Il contient des filtres qui offrent une protection compl\u00e8te contre les rayons ultraviolets du soleil et la lumi\u00e8re bleue des \u00e9crans. Elle prot\u00e8ge \u00e9galement la peau de la pollution et des radicaux libres et favorise les processus de r\u00e9g\u00e9n\u00e9ration cellulaire.<span class=\"Apple-converted-space\"> <\/span><\/p>\n<p>Le r\u00e9sultat est une peau hydrat\u00e9e, r\u00e9par\u00e9e et prot\u00e9g\u00e9e.<span class=\"Apple-converted-space\"> <\/span><\/p>\n","protected":false},"excerpt":{"rendered":"<p>Cr\u00e8me de soin intensif qui prot\u00e8ge la peau des agressions environnementales quotidiennes responsables du vieillissement pr\u00e9matur\u00e9. Il contient des filtres qui offrent une protection compl\u00e8te contre les rayons ultraviolets du [&hellip;]<\/p>\n","protected":false},"featured_media":4610,"template":"","meta":[],"product_cat":[142,124,178],"product_tag":[],"class_list":["post-5600","product","type-product","status-publish","has-post-thumbnail","hentry","product_cat-cremas-fr","product_cat-facial-fr","product_cat-proteccion-fr"],"acf":[],"aioseo_notices":[],"_links":{"self":[{"href":"https:\/\/toskani.com\/ch\/fr\/wp-json\/wp\/v2\/product\/5600","targetHints":{"allow":["GET"]}}],"collection":[{"href":"https:\/\/toskani.com\/ch\/fr\/wp-json\/wp\/v2\/product"}],"about":[{"href":"https:\/\/toskani.com\/ch\/fr\/wp-json\/wp\/v2\/types\/product"}],"wp:featuredmedia":[{"embeddable":true,"href":"https:\/\/toskani.com\/ch\/fr\/wp-json\/wp\/v2\/media\/4610"}],"wp:attachment":[{"href":"https:\/\/toskani.com\/ch\/fr\/wp-json\/wp\/v2\/media?parent=5600"}],"wp:term":[{"taxonomy":"product_cat","embeddable":true,"href":"https:\/\/toskani.com\/ch\/fr\/wp-json\/wp\/v2\/product_cat?post=5600"},{"taxonomy":"product_tag","embeddable":true,"href":"https:\/\/toskani.com\/ch\/fr\/wp-json\/wp\/v2\/product_tag?post=5600"}],"curies":[{"name":"wp","href":"https:\/\/api.w.org\/{rel}","templated":true}]}}