{"id":5595,"date":"2023-03-06T15:32:43","date_gmt":"2023-03-06T15:32:43","guid":{"rendered":"https:\/\/toskani.com\/ch\/product\/anti-ageing-ha-ampoule\/"},"modified":"2024-01-02T09:33:41","modified_gmt":"2024-01-02T09:33:41","slug":"anti-age-ha-ampoule","status":"publish","type":"product","link":"https:\/\/toskani.com\/ch\/fr\/produit\/anti-age-ha-ampoule\/","title":{"rendered":"Ampoule anti-\u00e2ge + HA"},"content":{"rendered":"<p>Solution intensive \u00e0 usage quotidien pour lutter contre les signes de l&#8217;\u00e2ge. La formule \u00e0 base d&#8217;acide hyaluronique, de probiotiques et de peptides procure une hydratation imm\u00e9diate tout en aidant \u00e0 r\u00e9duire l&#8217;apparence des rides et des signes de fatigue. La peau para\u00eet plus lisse, plus jeune et plus lumineuse.<span class=\"Apple-converted-space\"> <\/span><\/p>\n<p>L&#8217;emballage contient 15 ampoules de 2 ml.<span class=\"Apple-converted-space\"> <\/span><\/p>\n","protected":false},"excerpt":{"rendered":"<p>Solution intensive \u00e0 usage quotidien pour lutter contre les signes de l&#8217;\u00e2ge. La formule \u00e0 base d&#8217;acide hyaluronique, de probiotiques et de peptides procure une hydratation imm\u00e9diate tout en aidant [&hellip;]<\/p>\n","protected":false},"featured_media":4625,"template":"","meta":[],"product_cat":[177,123,124],"product_tag":[],"class_list":["post-5595","product","type-product","status-publish","has-post-thumbnail","hentry","product_cat-ampollas-fr","product_cat-antiedad-fr","product_cat-facial-fr"],"acf":[],"aioseo_notices":[],"_links":{"self":[{"href":"https:\/\/toskani.com\/ch\/fr\/wp-json\/wp\/v2\/product\/5595","targetHints":{"allow":["GET"]}}],"collection":[{"href":"https:\/\/toskani.com\/ch\/fr\/wp-json\/wp\/v2\/product"}],"about":[{"href":"https:\/\/toskani.com\/ch\/fr\/wp-json\/wp\/v2\/types\/product"}],"wp:featuredmedia":[{"embeddable":true,"href":"https:\/\/toskani.com\/ch\/fr\/wp-json\/wp\/v2\/media\/4625"}],"wp:attachment":[{"href":"https:\/\/toskani.com\/ch\/fr\/wp-json\/wp\/v2\/media?parent=5595"}],"wp:term":[{"taxonomy":"product_cat","embeddable":true,"href":"https:\/\/toskani.com\/ch\/fr\/wp-json\/wp\/v2\/product_cat?post=5595"},{"taxonomy":"product_tag","embeddable":true,"href":"https:\/\/toskani.com\/ch\/fr\/wp-json\/wp\/v2\/product_tag?post=5595"}],"curies":[{"name":"wp","href":"https:\/\/api.w.org\/{rel}","templated":true}]}}