{"id":5590,"date":"2023-03-06T15:39:13","date_gmt":"2023-03-06T15:39:13","guid":{"rendered":"https:\/\/toskani.com\/ch\/product\/antistress-mask\/"},"modified":"2024-01-02T09:34:10","modified_gmt":"2024-01-02T09:34:10","slug":"masque-anti-stress","status":"publish","type":"product","link":"https:\/\/toskani.com\/ch\/fr\/produit\/masque-anti-stress\/","title":{"rendered":"Masque anti-stress"},"content":{"rendered":"<p class=\"p1\"><span class=\"s1\">Masque<\/span><span class=\"s2\">, <\/span> <span class=\"s1\">nourrissant, apaisant et rafra\u00eechissant pour les peaux r\u00e9actives. Contient des extraits d&#8217;aloe vera et de camomille, \u00e0 l&#8217;action r\u00e9g\u00e9n\u00e9rante et relaxante. Le masque anti-stress laisse sur la peau une agr\u00e9able sensation de fra\u00eecheur et de bien-\u00eatre.  <\/span><\/p>\n","protected":false},"excerpt":{"rendered":"<p>Masque, nourrissant, apaisant et rafra\u00eechissant pour les peaux r\u00e9actives. Contient des extraits d&#8217;aloe vera et de camomille, \u00e0 l&#8217;action r\u00e9g\u00e9n\u00e9rante et relaxante. Le masque anti-stress laisse sur la peau une [&hellip;]<\/p>\n","protected":false},"featured_media":4613,"template":"","meta":[],"product_cat":[142,124,202],"product_tag":[212],"class_list":["post-5590","product","type-product","status-publish","has-post-thumbnail","hentry","product_cat-cremas-fr","product_cat-facial-fr","product_cat-reparar-fr","product_tag-mascara-fr"],"acf":[],"aioseo_notices":[],"_links":{"self":[{"href":"https:\/\/toskani.com\/ch\/fr\/wp-json\/wp\/v2\/product\/5590","targetHints":{"allow":["GET"]}}],"collection":[{"href":"https:\/\/toskani.com\/ch\/fr\/wp-json\/wp\/v2\/product"}],"about":[{"href":"https:\/\/toskani.com\/ch\/fr\/wp-json\/wp\/v2\/types\/product"}],"wp:featuredmedia":[{"embeddable":true,"href":"https:\/\/toskani.com\/ch\/fr\/wp-json\/wp\/v2\/media\/4613"}],"wp:attachment":[{"href":"https:\/\/toskani.com\/ch\/fr\/wp-json\/wp\/v2\/media?parent=5590"}],"wp:term":[{"taxonomy":"product_cat","embeddable":true,"href":"https:\/\/toskani.com\/ch\/fr\/wp-json\/wp\/v2\/product_cat?post=5590"},{"taxonomy":"product_tag","embeddable":true,"href":"https:\/\/toskani.com\/ch\/fr\/wp-json\/wp\/v2\/product_tag?post=5590"}],"curies":[{"name":"wp","href":"https:\/\/api.w.org\/{rel}","templated":true}]}}