{"id":5580,"date":"2023-03-06T16:05:43","date_gmt":"2023-03-06T16:05:43","guid":{"rendered":"https:\/\/toskani.com\/ch\/product\/aquabalance-mesoserum\/"},"modified":"2024-01-02T09:33:44","modified_gmt":"2024-01-02T09:33:44","slug":"aquabalance-mesoserum","status":"publish","type":"product","link":"https:\/\/toskani.com\/ch\/fr\/produit\/aquabalance-mesoserum\/","title":{"rendered":"Aquabalance mesoserum"},"content":{"rendered":"<p>S\u00e9rum hydratant intensif qui aide \u00e0 r\u00e9g\u00e9n\u00e9rer la peau.<\/p>\n","protected":false},"excerpt":{"rendered":"<p>S\u00e9rum hydratant intensif qui aide \u00e0 r\u00e9g\u00e9n\u00e9rer la peau.<\/p>\n","protected":false},"featured_media":4622,"template":"","meta":[],"product_cat":[123,124,125],"product_tag":[],"class_list":["post-5580","product","type-product","status-publish","has-post-thumbnail","hentry","product_cat-antiedad-fr","product_cat-facial-fr","product_cat-serums-fr"],"acf":[],"aioseo_notices":[],"_links":{"self":[{"href":"https:\/\/toskani.com\/ch\/fr\/wp-json\/wp\/v2\/product\/5580","targetHints":{"allow":["GET"]}}],"collection":[{"href":"https:\/\/toskani.com\/ch\/fr\/wp-json\/wp\/v2\/product"}],"about":[{"href":"https:\/\/toskani.com\/ch\/fr\/wp-json\/wp\/v2\/types\/product"}],"wp:featuredmedia":[{"embeddable":true,"href":"https:\/\/toskani.com\/ch\/fr\/wp-json\/wp\/v2\/media\/4622"}],"wp:attachment":[{"href":"https:\/\/toskani.com\/ch\/fr\/wp-json\/wp\/v2\/media?parent=5580"}],"wp:term":[{"taxonomy":"product_cat","embeddable":true,"href":"https:\/\/toskani.com\/ch\/fr\/wp-json\/wp\/v2\/product_cat?post=5580"},{"taxonomy":"product_tag","embeddable":true,"href":"https:\/\/toskani.com\/ch\/fr\/wp-json\/wp\/v2\/product_tag?post=5580"}],"curies":[{"name":"wp","href":"https:\/\/api.w.org\/{rel}","templated":true}]}}