{"id":5575,"date":"2023-03-06T16:14:36","date_gmt":"2023-03-06T16:14:36","guid":{"rendered":"https:\/\/toskani.com\/ch\/product\/artichoke-plus\/"},"modified":"2025-10-06T15:33:29","modified_gmt":"2025-10-06T15:33:29","slug":"artichauts-plus","status":"publish","type":"product","link":"https:\/\/toskani.com\/ch\/fr\/produit\/artichauts-plus\/","title":{"rendered":"Artichaut Plus"},"content":{"rendered":"<p>Compl\u00e9ment alimentaire aux propri\u00e9t\u00e9s purifiantes et d\u00e9toxifiantes. Aide \u00e0 combattre et \u00e0 pr\u00e9venir la r\u00e9tention d&#8217;eau et les ballonnements. Permet de maximiser les r\u00e9sultats des interventions esth\u00e9tiques sur le corps.<\/p>\n<p>L&#8217;emballage contient 14 flacons de 10 ml.<\/p>\n","protected":false},"excerpt":{"rendered":"<p>Compl\u00e9ment alimentaire aux propri\u00e9t\u00e9s purifiantes et d\u00e9toxifiantes. Aide \u00e0 combattre et \u00e0 pr\u00e9venir la r\u00e9tention d&#8217;eau et les ballonnements. Permet de maximiser les r\u00e9sultats des interventions esth\u00e9tiques sur le corps. [&hellip;]<\/p>\n","protected":false},"featured_media":4631,"template":"","meta":[],"product_cat":[207,163],"product_tag":[],"class_list":["post-5575","product","type-product","status-publish","has-post-thumbnail","hentry","product_cat-cocktails-fr","product_cat-corporal-fr"],"acf":[],"aioseo_notices":[],"_links":{"self":[{"href":"https:\/\/toskani.com\/ch\/fr\/wp-json\/wp\/v2\/product\/5575","targetHints":{"allow":["GET"]}}],"collection":[{"href":"https:\/\/toskani.com\/ch\/fr\/wp-json\/wp\/v2\/product"}],"about":[{"href":"https:\/\/toskani.com\/ch\/fr\/wp-json\/wp\/v2\/types\/product"}],"wp:featuredmedia":[{"embeddable":true,"href":"https:\/\/toskani.com\/ch\/fr\/wp-json\/wp\/v2\/media\/4631"}],"wp:attachment":[{"href":"https:\/\/toskani.com\/ch\/fr\/wp-json\/wp\/v2\/media?parent=5575"}],"wp:term":[{"taxonomy":"product_cat","embeddable":true,"href":"https:\/\/toskani.com\/ch\/fr\/wp-json\/wp\/v2\/product_cat?post=5575"},{"taxonomy":"product_tag","embeddable":true,"href":"https:\/\/toskani.com\/ch\/fr\/wp-json\/wp\/v2\/product_tag?post=5575"}],"curies":[{"name":"wp","href":"https:\/\/api.w.org\/{rel}","templated":true}]}}