{"id":5570,"date":"2023-03-06T16:20:09","date_gmt":"2023-03-06T16:20:09","guid":{"rendered":"https:\/\/toskani.com\/ch\/product\/fb-plus\/"},"modified":"2025-10-06T15:32:54","modified_gmt":"2025-10-06T15:32:54","slug":"fb-plus","status":"publish","type":"product","link":"https:\/\/toskani.com\/ch\/fr\/produit\/fb-plus\/","title":{"rendered":"FB Plus"},"content":{"rendered":"<p>Compl\u00e9ment alimentaire stimulant l&#8217;\u00e9nergie et le m\u00e9tabolisme. Aide \u00e0 mobiliser les graisses pour qu&#8217;elles soient correctement utilis\u00e9es par les cellules dans le m\u00e9tabolisme \u00e9nerg\u00e9tique. Maximise les r\u00e9sultats des interventions esth\u00e9tiques sur le corps.<\/p>\n<p>L&#8217;emballage contient 20 flacons de 10 ml.<\/p>\n","protected":false},"excerpt":{"rendered":"<p>Compl\u00e9ment alimentaire stimulant l&#8217;\u00e9nergie et le m\u00e9tabolisme. Aide \u00e0 mobiliser les graisses pour qu&#8217;elles soient correctement utilis\u00e9es par les cellules dans le m\u00e9tabolisme \u00e9nerg\u00e9tique. Maximise les r\u00e9sultats des interventions esth\u00e9tiques [&hellip;]<\/p>\n","protected":false},"featured_media":4634,"template":"","meta":[],"product_cat":[207,163],"product_tag":[],"class_list":["post-5570","product","type-product","status-publish","has-post-thumbnail","hentry","product_cat-cocktails-fr","product_cat-corporal-fr"],"acf":[],"aioseo_notices":[],"_links":{"self":[{"href":"https:\/\/toskani.com\/ch\/fr\/wp-json\/wp\/v2\/product\/5570","targetHints":{"allow":["GET"]}}],"collection":[{"href":"https:\/\/toskani.com\/ch\/fr\/wp-json\/wp\/v2\/product"}],"about":[{"href":"https:\/\/toskani.com\/ch\/fr\/wp-json\/wp\/v2\/types\/product"}],"wp:featuredmedia":[{"embeddable":true,"href":"https:\/\/toskani.com\/ch\/fr\/wp-json\/wp\/v2\/media\/4634"}],"wp:attachment":[{"href":"https:\/\/toskani.com\/ch\/fr\/wp-json\/wp\/v2\/media?parent=5570"}],"wp:term":[{"taxonomy":"product_cat","embeddable":true,"href":"https:\/\/toskani.com\/ch\/fr\/wp-json\/wp\/v2\/product_cat?post=5570"},{"taxonomy":"product_tag","embeddable":true,"href":"https:\/\/toskani.com\/ch\/fr\/wp-json\/wp\/v2\/product_tag?post=5570"}],"curies":[{"name":"wp","href":"https:\/\/api.w.org\/{rel}","templated":true}]}}