{"id":5565,"date":"2023-03-06T16:25:38","date_gmt":"2023-03-06T16:25:38","guid":{"rendered":"https:\/\/toskani.com\/ch\/product\/lipo-proteoglycans-ampoule\/"},"modified":"2024-01-02T09:33:37","modified_gmt":"2024-01-02T09:33:37","slug":"lipo-proteoglycanes-ampoule","status":"publish","type":"product","link":"https:\/\/toskani.com\/ch\/fr\/produit\/lipo-proteoglycanes-ampoule\/","title":{"rendered":"Lipo Proteoglycans Ampoule"},"content":{"rendered":"<p>Solution intensive \u00e0 usage quotidien avec une action hydratante et r\u00e9paratrice. Contient des vitamines liposomales et des prot\u00e9oglycanes qui stimulent la production de collag\u00e8ne et contribuent \u00e0 att\u00e9nuer les signes visibles du vieillissement cutan\u00e9. La peau para\u00eet plus lumineuse et plus belle. \u00c0 long terme, il aide \u00e0 att\u00e9nuer l&#8217;apparence des rides et des ridules.<\/p>\n<p>L&#8217;emballage contient 15 ampoules de 2 ml.<span class=\"Apple-converted-space\"> <\/span><\/p>\n","protected":false},"excerpt":{"rendered":"<p>Solution intensive \u00e0 usage quotidien avec une action hydratante et r\u00e9paratrice. Contient des vitamines liposomales et des prot\u00e9oglycanes qui stimulent la production de collag\u00e8ne et contribuent \u00e0 att\u00e9nuer les signes [&hellip;]<\/p>\n","protected":false},"featured_media":4790,"template":"","meta":[],"product_cat":[177,123,124],"product_tag":[],"class_list":["post-5565","product","type-product","status-publish","has-post-thumbnail","hentry","product_cat-ampollas-fr","product_cat-antiedad-fr","product_cat-facial-fr"],"acf":[],"aioseo_notices":[],"_links":{"self":[{"href":"https:\/\/toskani.com\/ch\/fr\/wp-json\/wp\/v2\/product\/5565","targetHints":{"allow":["GET"]}}],"collection":[{"href":"https:\/\/toskani.com\/ch\/fr\/wp-json\/wp\/v2\/product"}],"about":[{"href":"https:\/\/toskani.com\/ch\/fr\/wp-json\/wp\/v2\/types\/product"}],"wp:featuredmedia":[{"embeddable":true,"href":"https:\/\/toskani.com\/ch\/fr\/wp-json\/wp\/v2\/media\/4790"}],"wp:attachment":[{"href":"https:\/\/toskani.com\/ch\/fr\/wp-json\/wp\/v2\/media?parent=5565"}],"wp:term":[{"taxonomy":"product_cat","embeddable":true,"href":"https:\/\/toskani.com\/ch\/fr\/wp-json\/wp\/v2\/product_cat?post=5565"},{"taxonomy":"product_tag","embeddable":true,"href":"https:\/\/toskani.com\/ch\/fr\/wp-json\/wp\/v2\/product_tag?post=5565"}],"curies":[{"name":"wp","href":"https:\/\/api.w.org\/{rel}","templated":true}]}}