{"id":5560,"date":"2023-03-06T16:36:28","date_gmt":"2023-03-06T16:36:28","guid":{"rendered":"https:\/\/toskani.com\/ch\/product\/night-reverse-intensive-cream-mask\/"},"modified":"2024-01-02T09:33:40","modified_gmt":"2024-01-02T09:33:40","slug":"masque-creme-intensif-nuit-retour","status":"publish","type":"product","link":"https:\/\/toskani.com\/ch\/fr\/produit\/masque-creme-intensif-nuit-retour\/","title":{"rendered":"Cr\u00e8me et masque intensifs Night Reverse"},"content":{"rendered":"<p>Cr\u00e8me et masque bas\u00e9s sur l&#8217;\u00e9pig\u00e9n\u00e9tique qui agissent pendant la nuit. Il a une action r\u00e9novatrice pour d\u00e9stresser la peau des agressions ext\u00e9rieures et des mauvaises habitudes : exposition au soleil, pollution, changements de temp\u00e9rature, stress, tabagisme ou troubles du sommeil. Il procure une hydratation intense, aide \u00e0 renforcer la barri\u00e8re cutan\u00e9e et respecte le microbiome de la peau.<span class=\"Apple-converted-space\"> <\/span><\/p>\n","protected":false},"excerpt":{"rendered":"<p>Cr\u00e8me et masque bas\u00e9s sur l&#8217;\u00e9pig\u00e9n\u00e9tique qui agissent pendant la nuit. Il a une action r\u00e9novatrice pour d\u00e9stresser la peau des agressions ext\u00e9rieures et des mauvaises habitudes : exposition au [&hellip;]<\/p>\n","protected":false},"featured_media":4637,"template":"","meta":[],"product_cat":[123,142,124],"product_tag":[212],"class_list":["post-5560","product","type-product","status-publish","has-post-thumbnail","hentry","product_cat-antiedad-fr","product_cat-cremas-fr","product_cat-facial-fr","product_tag-mascara-fr"],"acf":[],"aioseo_notices":[],"_links":{"self":[{"href":"https:\/\/toskani.com\/ch\/fr\/wp-json\/wp\/v2\/product\/5560","targetHints":{"allow":["GET"]}}],"collection":[{"href":"https:\/\/toskani.com\/ch\/fr\/wp-json\/wp\/v2\/product"}],"about":[{"href":"https:\/\/toskani.com\/ch\/fr\/wp-json\/wp\/v2\/types\/product"}],"wp:featuredmedia":[{"embeddable":true,"href":"https:\/\/toskani.com\/ch\/fr\/wp-json\/wp\/v2\/media\/4637"}],"wp:attachment":[{"href":"https:\/\/toskani.com\/ch\/fr\/wp-json\/wp\/v2\/media?parent=5560"}],"wp:term":[{"taxonomy":"product_cat","embeddable":true,"href":"https:\/\/toskani.com\/ch\/fr\/wp-json\/wp\/v2\/product_cat?post=5560"},{"taxonomy":"product_tag","embeddable":true,"href":"https:\/\/toskani.com\/ch\/fr\/wp-json\/wp\/v2\/product_tag?post=5560"}],"curies":[{"name":"wp","href":"https:\/\/api.w.org\/{rel}","templated":true}]}}