{"id":5555,"date":"2023-03-06T16:40:31","date_gmt":"2023-03-06T16:40:31","guid":{"rendered":"https:\/\/toskani.com\/ch\/product\/night-reverse-advanced-serum\/"},"modified":"2024-01-02T09:33:45","modified_gmt":"2024-01-02T09:33:45","slug":"night-reverse-advanced-serum","status":"publish","type":"product","link":"https:\/\/toskani.com\/ch\/fr\/produit\/night-reverse-advanced-serum\/","title":{"rendered":"S\u00e9rum avanc\u00e9 Night Reverse"},"content":{"rendered":"<p>S\u00e9rum de nuit \u00e0 base d&#8217;\u00e9pig\u00e9n\u00e9tique avec Total Restoring Complex, qui inverse les dommages caus\u00e9s par le stress quotidien et active le m\u00e9canisme naturel de r\u00e9paration de la peau. Aide \u00e0 r\u00e9parer la peau des dommages caus\u00e9s par le rayonnement solaire, la pollution, les changements de temp\u00e9rature et les mauvaises habitudes. Il renforce \u00e9galement la barri\u00e8re cutan\u00e9e pour la prot\u00e9ger des agressions ext\u00e9rieures, r\u00e9gule les rythmes circadiens pour une peau repos\u00e9e et respecte le microbiome cutan\u00e9.<span class=\"Apple-converted-space\"> <\/span><\/p>\n","protected":false},"excerpt":{"rendered":"<p>S\u00e9rum de nuit \u00e0 base d&#8217;\u00e9pig\u00e9n\u00e9tique avec Total Restoring Complex, qui inverse les dommages caus\u00e9s par le stress quotidien et active le m\u00e9canisme naturel de r\u00e9paration de la peau. Aide [&hellip;]<\/p>\n","protected":false},"featured_media":4670,"template":"","meta":[],"product_cat":[123,124,125],"product_tag":[],"class_list":["post-5555","product","type-product","status-publish","has-post-thumbnail","hentry","product_cat-antiedad-fr","product_cat-facial-fr","product_cat-serums-fr"],"acf":[],"aioseo_notices":[],"_links":{"self":[{"href":"https:\/\/toskani.com\/ch\/fr\/wp-json\/wp\/v2\/product\/5555","targetHints":{"allow":["GET"]}}],"collection":[{"href":"https:\/\/toskani.com\/ch\/fr\/wp-json\/wp\/v2\/product"}],"about":[{"href":"https:\/\/toskani.com\/ch\/fr\/wp-json\/wp\/v2\/types\/product"}],"wp:featuredmedia":[{"embeddable":true,"href":"https:\/\/toskani.com\/ch\/fr\/wp-json\/wp\/v2\/media\/4670"}],"wp:attachment":[{"href":"https:\/\/toskani.com\/ch\/fr\/wp-json\/wp\/v2\/media?parent=5555"}],"wp:term":[{"taxonomy":"product_cat","embeddable":true,"href":"https:\/\/toskani.com\/ch\/fr\/wp-json\/wp\/v2\/product_cat?post=5555"},{"taxonomy":"product_tag","embeddable":true,"href":"https:\/\/toskani.com\/ch\/fr\/wp-json\/wp\/v2\/product_tag?post=5555"}],"curies":[{"name":"wp","href":"https:\/\/api.w.org\/{rel}","templated":true}]}}