{"id":5550,"date":"2023-03-06T16:55:22","date_gmt":"2023-03-06T16:55:22","guid":{"rendered":"https:\/\/toskani.com\/ch\/product\/sensitive-skin-ampoule\/"},"modified":"2024-01-02T09:33:38","modified_gmt":"2024-01-02T09:33:38","slug":"ampoule-peau-sensible","status":"publish","type":"product","link":"https:\/\/toskani.com\/ch\/fr\/produit\/ampoule-peau-sensible\/","title":{"rendered":"Ampoule pour peau sensible"},"content":{"rendered":"<p>Solution intensive \u00e0 usage quotidien qui aide \u00e0 apaiser et \u00e0 prot\u00e9ger les peaux sensibles ou irrit\u00e9es. La formule, enrichie d&#8217;extraits naturels et de vitamines B5 et C, contribue \u00e0 renforcer la barri\u00e8re naturelle de la peau et \u00e0 la prot\u00e9ger des agressions ext\u00e9rieures telles que le froid et le vent. Hydrate, am\u00e9liore la texture et l&#8217;\u00e9lasticit\u00e9 de la peau, r\u00e9duit la sensibilit\u00e9 et procure une sensation de peau apais\u00e9e.<span class=\"Apple-converted-space\"> <\/span><\/p>\n<p>L&#8217;emballage contient 15 ampoules de 2 ml.<span class=\"Apple-converted-space\"> <\/span><\/p>\n","protected":false},"excerpt":{"rendered":"<p>Solution intensive \u00e0 usage quotidien qui aide \u00e0 apaiser et \u00e0 prot\u00e9ger les peaux sensibles ou irrit\u00e9es. La formule, enrichie d&#8217;extraits naturels et de vitamines B5 et C, contribue \u00e0 [&hellip;]<\/p>\n","protected":false},"featured_media":4640,"template":"","meta":[],"product_cat":[177,124,202],"product_tag":[],"class_list":["post-5550","product","type-product","status-publish","has-post-thumbnail","hentry","product_cat-ampollas-fr","product_cat-facial-fr","product_cat-reparar-fr"],"acf":[],"aioseo_notices":[],"_links":{"self":[{"href":"https:\/\/toskani.com\/ch\/fr\/wp-json\/wp\/v2\/product\/5550","targetHints":{"allow":["GET"]}}],"collection":[{"href":"https:\/\/toskani.com\/ch\/fr\/wp-json\/wp\/v2\/product"}],"about":[{"href":"https:\/\/toskani.com\/ch\/fr\/wp-json\/wp\/v2\/types\/product"}],"wp:featuredmedia":[{"embeddable":true,"href":"https:\/\/toskani.com\/ch\/fr\/wp-json\/wp\/v2\/media\/4640"}],"wp:attachment":[{"href":"https:\/\/toskani.com\/ch\/fr\/wp-json\/wp\/v2\/media?parent=5550"}],"wp:term":[{"taxonomy":"product_cat","embeddable":true,"href":"https:\/\/toskani.com\/ch\/fr\/wp-json\/wp\/v2\/product_cat?post=5550"},{"taxonomy":"product_tag","embeddable":true,"href":"https:\/\/toskani.com\/ch\/fr\/wp-json\/wp\/v2\/product_tag?post=5550"}],"curies":[{"name":"wp","href":"https:\/\/api.w.org\/{rel}","templated":true}]}}