{"id":5545,"date":"2023-03-07T09:43:09","date_gmt":"2023-03-07T09:43:09","guid":{"rendered":"https:\/\/toskani.com\/ch\/product\/firming-gel\/"},"modified":"2024-01-02T09:33:41","modified_gmt":"2024-01-02T09:33:41","slug":"gel-raffermissant","status":"publish","type":"product","link":"https:\/\/toskani.com\/ch\/fr\/produit\/gel-raffermissant\/","title":{"rendered":"Gel raffermissant"},"content":{"rendered":"<p>Gel corporel raffermissant qui am\u00e9liore l&#8217;\u00e9lasticit\u00e9 de la peau, aide \u00e0 lutter contre le rel\u00e2chement et apporte une hydratation intense. Sa texture aqueuse aide \u00e0 soulager les jambes lourdes.<\/p>\n","protected":false},"excerpt":{"rendered":"<p>Gel corporel raffermissant qui am\u00e9liore l&#8217;\u00e9lasticit\u00e9 de la peau, aide \u00e0 lutter contre le rel\u00e2chement et apporte une hydratation intense. Sa texture aqueuse aide \u00e0 soulager les jambes lourdes.<\/p>\n","protected":false},"featured_media":4673,"template":"","meta":[],"product_cat":[163,142],"product_tag":[],"class_list":["post-5545","product","type-product","status-publish","has-post-thumbnail","hentry","product_cat-corporal-fr","product_cat-cremas-fr"],"acf":[],"aioseo_notices":[],"_links":{"self":[{"href":"https:\/\/toskani.com\/ch\/fr\/wp-json\/wp\/v2\/product\/5545","targetHints":{"allow":["GET"]}}],"collection":[{"href":"https:\/\/toskani.com\/ch\/fr\/wp-json\/wp\/v2\/product"}],"about":[{"href":"https:\/\/toskani.com\/ch\/fr\/wp-json\/wp\/v2\/types\/product"}],"wp:featuredmedia":[{"embeddable":true,"href":"https:\/\/toskani.com\/ch\/fr\/wp-json\/wp\/v2\/media\/4673"}],"wp:attachment":[{"href":"https:\/\/toskani.com\/ch\/fr\/wp-json\/wp\/v2\/media?parent=5545"}],"wp:term":[{"taxonomy":"product_cat","embeddable":true,"href":"https:\/\/toskani.com\/ch\/fr\/wp-json\/wp\/v2\/product_cat?post=5545"},{"taxonomy":"product_tag","embeddable":true,"href":"https:\/\/toskani.com\/ch\/fr\/wp-json\/wp\/v2\/product_tag?post=5545"}],"curies":[{"name":"wp","href":"https:\/\/api.w.org\/{rel}","templated":true}]}}