{"id":5540,"date":"2023-03-07T09:55:13","date_gmt":"2023-03-07T09:55:13","guid":{"rendered":"https:\/\/toskani.com\/ch\/product\/reparing-gel\/"},"modified":"2024-01-02T09:33:36","modified_gmt":"2024-01-02T09:33:36","slug":"gel-de-reparation","status":"publish","type":"product","link":"https:\/\/toskani.com\/ch\/fr\/produit\/gel-de-reparation\/","title":{"rendered":"Gel r\u00e9parateur"},"content":{"rendered":"<p>Gel corporel pour lisser et adoucir la peau, \u00e0 la texture douce et l\u00e9g\u00e8re et aux propri\u00e9t\u00e9s antioxydantes et r\u00e9g\u00e9n\u00e9rantes. Donne \u00e0 la peau un aspect plus frais et plus jeune.<span class=\"Apple-converted-space\"> <\/span><\/p>\n","protected":false},"excerpt":{"rendered":"<p>Gel corporel pour lisser et adoucir la peau, \u00e0 la texture douce et l\u00e9g\u00e8re et aux propri\u00e9t\u00e9s antioxydantes et r\u00e9g\u00e9n\u00e9rantes. Donne \u00e0 la peau un aspect plus frais et plus [&hellip;]<\/p>\n","protected":false},"featured_media":4793,"template":"","meta":[],"product_cat":[163,142],"product_tag":[],"class_list":["post-5540","product","type-product","status-publish","has-post-thumbnail","hentry","product_cat-corporal-fr","product_cat-cremas-fr"],"acf":[],"aioseo_notices":[],"_links":{"self":[{"href":"https:\/\/toskani.com\/ch\/fr\/wp-json\/wp\/v2\/product\/5540","targetHints":{"allow":["GET"]}}],"collection":[{"href":"https:\/\/toskani.com\/ch\/fr\/wp-json\/wp\/v2\/product"}],"about":[{"href":"https:\/\/toskani.com\/ch\/fr\/wp-json\/wp\/v2\/types\/product"}],"wp:featuredmedia":[{"embeddable":true,"href":"https:\/\/toskani.com\/ch\/fr\/wp-json\/wp\/v2\/media\/4793"}],"wp:attachment":[{"href":"https:\/\/toskani.com\/ch\/fr\/wp-json\/wp\/v2\/media?parent=5540"}],"wp:term":[{"taxonomy":"product_cat","embeddable":true,"href":"https:\/\/toskani.com\/ch\/fr\/wp-json\/wp\/v2\/product_cat?post=5540"},{"taxonomy":"product_tag","embeddable":true,"href":"https:\/\/toskani.com\/ch\/fr\/wp-json\/wp\/v2\/product_tag?post=5540"}],"curies":[{"name":"wp","href":"https:\/\/api.w.org\/{rel}","templated":true}]}}