{"id":5535,"date":"2023-03-07T10:01:22","date_gmt":"2023-03-07T10:01:22","guid":{"rendered":"https:\/\/toskani.com\/ch\/product\/slimming-gel\/"},"modified":"2024-01-02T09:31:45","modified_gmt":"2024-01-02T09:31:45","slug":"gel-minceur","status":"publish","type":"product","link":"https:\/\/toskani.com\/ch\/fr\/produit\/gel-minceur\/","title":{"rendered":"Gel amincissant"},"content":{"rendered":"<p>Gel corporel amincissant et remodelant, \u00e0 la texture fra\u00eeche, l\u00e9g\u00e8re et rapidement absorb\u00e9e, qui r\u00e9duit visiblement l&#8217;aspect de la peau d&#8217;orange.<\/p>\n<p>Sa formule associe la caf\u00e9ine \u00e0 un complexe d&#8217;extraits naturels pour aider \u00e0 remodeler la silhouette et \u00e0 tonifier la peau.<span class=\"Apple-converted-space\"> <\/span><\/p>\n","protected":false},"excerpt":{"rendered":"<p>Gel corporel amincissant et remodelant, \u00e0 la texture fra\u00eeche, l\u00e9g\u00e8re et rapidement absorb\u00e9e, qui r\u00e9duit visiblement l&#8217;aspect de la peau d&#8217;orange. Sa formule associe la caf\u00e9ine \u00e0 un complexe d&#8217;extraits [&hellip;]<\/p>\n","protected":false},"featured_media":4799,"template":"","meta":[],"product_cat":[163,142],"product_tag":[],"class_list":["post-5535","product","type-product","status-publish","has-post-thumbnail","hentry","product_cat-corporal-fr","product_cat-cremas-fr"],"acf":[],"aioseo_notices":[],"_links":{"self":[{"href":"https:\/\/toskani.com\/ch\/fr\/wp-json\/wp\/v2\/product\/5535","targetHints":{"allow":["GET"]}}],"collection":[{"href":"https:\/\/toskani.com\/ch\/fr\/wp-json\/wp\/v2\/product"}],"about":[{"href":"https:\/\/toskani.com\/ch\/fr\/wp-json\/wp\/v2\/types\/product"}],"wp:featuredmedia":[{"embeddable":true,"href":"https:\/\/toskani.com\/ch\/fr\/wp-json\/wp\/v2\/media\/4799"}],"wp:attachment":[{"href":"https:\/\/toskani.com\/ch\/fr\/wp-json\/wp\/v2\/media?parent=5535"}],"wp:term":[{"taxonomy":"product_cat","embeddable":true,"href":"https:\/\/toskani.com\/ch\/fr\/wp-json\/wp\/v2\/product_cat?post=5535"},{"taxonomy":"product_tag","embeddable":true,"href":"https:\/\/toskani.com\/ch\/fr\/wp-json\/wp\/v2\/product_tag?post=5535"}],"curies":[{"name":"wp","href":"https:\/\/api.w.org\/{rel}","templated":true}]}}