{"id":5530,"date":"2023-03-07T10:06:46","date_gmt":"2023-03-07T10:06:46","guid":{"rendered":"https:\/\/toskani.com\/ch\/product\/a-ox-360-cocktail\/"},"modified":"2025-10-06T15:32:09","modified_gmt":"2025-10-06T15:32:09","slug":"a-ox-360-cocktail","status":"publish","type":"product","link":"https:\/\/toskani.com\/ch\/fr\/produit\/a-ox-360-cocktail\/","title":{"rendered":"Cocktail A-OX 360"},"content":{"rendered":"<p>Solution riche en vitamine C pour r\u00e9parer les dommages caus\u00e9s par les agents ext\u00e9rieurs.<\/p>\n","protected":false},"excerpt":{"rendered":"<p>Solution riche en vitamine C pour r\u00e9parer les dommages caus\u00e9s par les agents ext\u00e9rieurs.<\/p>\n","protected":false},"featured_media":4679,"template":"","meta":[],"product_cat":[207,163,124,178],"product_tag":[],"class_list":["post-5530","product","type-product","status-publish","has-post-thumbnail","hentry","product_cat-cocktails-fr","product_cat-corporal-fr","product_cat-facial-fr","product_cat-proteccion-fr"],"acf":[],"aioseo_notices":[],"_links":{"self":[{"href":"https:\/\/toskani.com\/ch\/fr\/wp-json\/wp\/v2\/product\/5530","targetHints":{"allow":["GET"]}}],"collection":[{"href":"https:\/\/toskani.com\/ch\/fr\/wp-json\/wp\/v2\/product"}],"about":[{"href":"https:\/\/toskani.com\/ch\/fr\/wp-json\/wp\/v2\/types\/product"}],"wp:featuredmedia":[{"embeddable":true,"href":"https:\/\/toskani.com\/ch\/fr\/wp-json\/wp\/v2\/media\/4679"}],"wp:attachment":[{"href":"https:\/\/toskani.com\/ch\/fr\/wp-json\/wp\/v2\/media?parent=5530"}],"wp:term":[{"taxonomy":"product_cat","embeddable":true,"href":"https:\/\/toskani.com\/ch\/fr\/wp-json\/wp\/v2\/product_cat?post=5530"},{"taxonomy":"product_tag","embeddable":true,"href":"https:\/\/toskani.com\/ch\/fr\/wp-json\/wp\/v2\/product_tag?post=5530"}],"curies":[{"name":"wp","href":"https:\/\/api.w.org\/{rel}","templated":true}]}}