{"id":5525,"date":"2023-03-07T10:10:49","date_gmt":"2023-03-07T10:10:49","guid":{"rendered":"https:\/\/toskani.com\/ch\/product\/antiaging-cocktail\/"},"modified":"2025-10-06T15:31:39","modified_gmt":"2025-10-06T15:31:39","slug":"cocktail-anti-age","status":"publish","type":"product","link":"https:\/\/toskani.com\/ch\/fr\/produit\/cocktail-anti-age\/","title":{"rendered":"Cocktail anti-\u00e2ge"},"content":{"rendered":"<p>Solution rajeunissante intensive qui procure un puissant effet hydratant et rajeunissant. Sa combinaison d&#8217;ingr\u00e9dients actifs am\u00e9liore l&#8217;apparence des rides et donne \u00e0 la peau un effet de resserrement.<\/p>\n","protected":false},"excerpt":{"rendered":"<p>Solution rajeunissante intensive qui procure un puissant effet hydratant et rajeunissant. Sa combinaison d&#8217;ingr\u00e9dients actifs am\u00e9liore l&#8217;apparence des rides et donne \u00e0 la peau un effet de resserrement.<\/p>\n","protected":false},"featured_media":4682,"template":"","meta":[],"product_cat":[123,207,163,124],"product_tag":[],"class_list":["post-5525","product","type-product","status-publish","has-post-thumbnail","hentry","product_cat-antiedad-fr","product_cat-cocktails-fr","product_cat-corporal-fr","product_cat-facial-fr"],"acf":[],"aioseo_notices":[],"_links":{"self":[{"href":"https:\/\/toskani.com\/ch\/fr\/wp-json\/wp\/v2\/product\/5525","targetHints":{"allow":["GET"]}}],"collection":[{"href":"https:\/\/toskani.com\/ch\/fr\/wp-json\/wp\/v2\/product"}],"about":[{"href":"https:\/\/toskani.com\/ch\/fr\/wp-json\/wp\/v2\/types\/product"}],"wp:featuredmedia":[{"embeddable":true,"href":"https:\/\/toskani.com\/ch\/fr\/wp-json\/wp\/v2\/media\/4682"}],"wp:attachment":[{"href":"https:\/\/toskani.com\/ch\/fr\/wp-json\/wp\/v2\/media?parent=5525"}],"wp:term":[{"taxonomy":"product_cat","embeddable":true,"href":"https:\/\/toskani.com\/ch\/fr\/wp-json\/wp\/v2\/product_cat?post=5525"},{"taxonomy":"product_tag","embeddable":true,"href":"https:\/\/toskani.com\/ch\/fr\/wp-json\/wp\/v2\/product_tag?post=5525"}],"curies":[{"name":"wp","href":"https:\/\/api.w.org\/{rel}","templated":true}]}}