{"id":5520,"date":"2023-03-07T10:13:15","date_gmt":"2023-03-07T10:13:15","guid":{"rendered":"https:\/\/toskani.com\/ch\/product\/anticellulite-cocktail\/"},"modified":"2025-10-06T15:31:09","modified_gmt":"2025-10-06T15:31:09","slug":"anticellulite-cocktail","status":"publish","type":"product","link":"https:\/\/toskani.com\/ch\/fr\/produit\/anticellulite-cocktail\/","title":{"rendered":"Cocktail anticellulite"},"content":{"rendered":"<p>Solution formul\u00e9e \u00e0 partir d&#8217;extraits naturels pour am\u00e9liorer l&#8217;aspect de la peau dans les zones \u00e0 relief irr\u00e9gulier.<\/p>\n","protected":false},"excerpt":{"rendered":"<p>Solution formul\u00e9e \u00e0 partir d&#8217;extraits naturels pour am\u00e9liorer l&#8217;aspect de la peau dans les zones \u00e0 relief irr\u00e9gulier.<\/p>\n","protected":false},"featured_media":4685,"template":"","meta":[],"product_cat":[207,163],"product_tag":[],"class_list":["post-5520","product","type-product","status-publish","has-post-thumbnail","hentry","product_cat-cocktails-fr","product_cat-corporal-fr"],"acf":[],"aioseo_notices":[],"_links":{"self":[{"href":"https:\/\/toskani.com\/ch\/fr\/wp-json\/wp\/v2\/product\/5520","targetHints":{"allow":["GET"]}}],"collection":[{"href":"https:\/\/toskani.com\/ch\/fr\/wp-json\/wp\/v2\/product"}],"about":[{"href":"https:\/\/toskani.com\/ch\/fr\/wp-json\/wp\/v2\/types\/product"}],"wp:featuredmedia":[{"embeddable":true,"href":"https:\/\/toskani.com\/ch\/fr\/wp-json\/wp\/v2\/media\/4685"}],"wp:attachment":[{"href":"https:\/\/toskani.com\/ch\/fr\/wp-json\/wp\/v2\/media?parent=5520"}],"wp:term":[{"taxonomy":"product_cat","embeddable":true,"href":"https:\/\/toskani.com\/ch\/fr\/wp-json\/wp\/v2\/product_cat?post=5520"},{"taxonomy":"product_tag","embeddable":true,"href":"https:\/\/toskani.com\/ch\/fr\/wp-json\/wp\/v2\/product_tag?post=5520"}],"curies":[{"name":"wp","href":"https:\/\/api.w.org\/{rel}","templated":true}]}}