{"id":5515,"date":"2023-03-07T10:15:45","date_gmt":"2023-03-07T10:15:45","guid":{"rendered":"https:\/\/toskani.com\/ch\/product\/firming-cocktail\/"},"modified":"2025-10-06T15:30:09","modified_gmt":"2025-10-06T15:30:09","slug":"cocktail-raffermissant","status":"publish","type":"product","link":"https:\/\/toskani.com\/ch\/fr\/produit\/cocktail-raffermissant\/","title":{"rendered":"Cocktail raffermissant"},"content":{"rendered":"<p>Solution raffermissante qui am\u00e9liore l&#8217;\u00e9lasticit\u00e9 de la peau.<\/p>\n","protected":false},"excerpt":{"rendered":"<p>Solution raffermissante qui am\u00e9liore l&#8217;\u00e9lasticit\u00e9 de la peau.<\/p>\n","protected":false},"featured_media":4688,"template":"","meta":[],"product_cat":[207,163],"product_tag":[],"class_list":["post-5515","product","type-product","status-publish","has-post-thumbnail","hentry","product_cat-cocktails-fr","product_cat-corporal-fr"],"acf":[],"aioseo_notices":[],"_links":{"self":[{"href":"https:\/\/toskani.com\/ch\/fr\/wp-json\/wp\/v2\/product\/5515","targetHints":{"allow":["GET"]}}],"collection":[{"href":"https:\/\/toskani.com\/ch\/fr\/wp-json\/wp\/v2\/product"}],"about":[{"href":"https:\/\/toskani.com\/ch\/fr\/wp-json\/wp\/v2\/types\/product"}],"wp:featuredmedia":[{"embeddable":true,"href":"https:\/\/toskani.com\/ch\/fr\/wp-json\/wp\/v2\/media\/4688"}],"wp:attachment":[{"href":"https:\/\/toskani.com\/ch\/fr\/wp-json\/wp\/v2\/media?parent=5515"}],"wp:term":[{"taxonomy":"product_cat","embeddable":true,"href":"https:\/\/toskani.com\/ch\/fr\/wp-json\/wp\/v2\/product_cat?post=5515"},{"taxonomy":"product_tag","embeddable":true,"href":"https:\/\/toskani.com\/ch\/fr\/wp-json\/wp\/v2\/product_tag?post=5515"}],"curies":[{"name":"wp","href":"https:\/\/api.w.org\/{rel}","templated":true}]}}