{"id":5510,"date":"2023-03-07T10:18:22","date_gmt":"2023-03-07T10:18:22","guid":{"rendered":"https:\/\/toskani.com\/ch\/product\/localized-cellulite-cocktail\/"},"modified":"2025-10-06T15:29:25","modified_gmt":"2025-10-06T15:29:25","slug":"localise-cellulite-cocktail","status":"publish","type":"product","link":"https:\/\/toskani.com\/ch\/fr\/produit\/localise-cellulite-cocktail\/","title":{"rendered":"Cocktail cellulite localis\u00e9e"},"content":{"rendered":"<p>Solution formul\u00e9e \u00e0 partir d&#8217;extraits naturels pour am\u00e9liorer l&#8217;aspect des zones du corps pr\u00e9sentant un relief irr\u00e9gulier localis\u00e9.<\/p>\n","protected":false},"excerpt":{"rendered":"<p>Solution formul\u00e9e \u00e0 partir d&#8217;extraits naturels pour am\u00e9liorer l&#8217;aspect des zones du corps pr\u00e9sentant un relief irr\u00e9gulier localis\u00e9.<\/p>\n","protected":false},"featured_media":4691,"template":"","meta":[],"product_cat":[207,163],"product_tag":[],"class_list":["post-5510","product","type-product","status-publish","has-post-thumbnail","hentry","product_cat-cocktails-fr","product_cat-corporal-fr"],"acf":[],"aioseo_notices":[],"_links":{"self":[{"href":"https:\/\/toskani.com\/ch\/fr\/wp-json\/wp\/v2\/product\/5510","targetHints":{"allow":["GET"]}}],"collection":[{"href":"https:\/\/toskani.com\/ch\/fr\/wp-json\/wp\/v2\/product"}],"about":[{"href":"https:\/\/toskani.com\/ch\/fr\/wp-json\/wp\/v2\/types\/product"}],"wp:featuredmedia":[{"embeddable":true,"href":"https:\/\/toskani.com\/ch\/fr\/wp-json\/wp\/v2\/media\/4691"}],"wp:attachment":[{"href":"https:\/\/toskani.com\/ch\/fr\/wp-json\/wp\/v2\/media?parent=5510"}],"wp:term":[{"taxonomy":"product_cat","embeddable":true,"href":"https:\/\/toskani.com\/ch\/fr\/wp-json\/wp\/v2\/product_cat?post=5510"},{"taxonomy":"product_tag","embeddable":true,"href":"https:\/\/toskani.com\/ch\/fr\/wp-json\/wp\/v2\/product_tag?post=5510"}],"curies":[{"name":"wp","href":"https:\/\/api.w.org\/{rel}","templated":true}]}}