{"id":5505,"date":"2023-03-07T10:22:22","date_gmt":"2023-03-07T10:22:22","guid":{"rendered":"https:\/\/toskani.com\/ch\/product\/mesolift-cocktail\/"},"modified":"2025-10-06T15:28:59","modified_gmt":"2025-10-06T15:28:59","slug":"mesolift-cocktail","status":"publish","type":"product","link":"https:\/\/toskani.com\/ch\/fr\/produit\/mesolift-cocktail\/","title":{"rendered":"Cocktail de m\u00e9solift"},"content":{"rendered":"<p>Solution raffermissante intensive pour lutter contre la flaccidit\u00e9 de la peau et les effets du vieillissement. Am\u00e9liore l&#8217;apparence des rides l\u00e9g\u00e8res \u00e0 mod\u00e9r\u00e9es, tout en hydratant et en raffermissant la peau.<\/p>\n","protected":false},"excerpt":{"rendered":"<p>Solution raffermissante intensive pour lutter contre la flaccidit\u00e9 de la peau et les effets du vieillissement. Am\u00e9liore l&#8217;apparence des rides l\u00e9g\u00e8res \u00e0 mod\u00e9r\u00e9es, tout en hydratant et en raffermissant la [&hellip;]<\/p>\n","protected":false},"featured_media":4751,"template":"","meta":[],"product_cat":[123,207,163,124],"product_tag":[],"class_list":["post-5505","product","type-product","status-publish","has-post-thumbnail","hentry","product_cat-antiedad-fr","product_cat-cocktails-fr","product_cat-corporal-fr","product_cat-facial-fr"],"acf":[],"aioseo_notices":[],"_links":{"self":[{"href":"https:\/\/toskani.com\/ch\/fr\/wp-json\/wp\/v2\/product\/5505","targetHints":{"allow":["GET"]}}],"collection":[{"href":"https:\/\/toskani.com\/ch\/fr\/wp-json\/wp\/v2\/product"}],"about":[{"href":"https:\/\/toskani.com\/ch\/fr\/wp-json\/wp\/v2\/types\/product"}],"wp:featuredmedia":[{"embeddable":true,"href":"https:\/\/toskani.com\/ch\/fr\/wp-json\/wp\/v2\/media\/4751"}],"wp:attachment":[{"href":"https:\/\/toskani.com\/ch\/fr\/wp-json\/wp\/v2\/media?parent=5505"}],"wp:term":[{"taxonomy":"product_cat","embeddable":true,"href":"https:\/\/toskani.com\/ch\/fr\/wp-json\/wp\/v2\/product_cat?post=5505"},{"taxonomy":"product_tag","embeddable":true,"href":"https:\/\/toskani.com\/ch\/fr\/wp-json\/wp\/v2\/product_tag?post=5505"}],"curies":[{"name":"wp","href":"https:\/\/api.w.org\/{rel}","templated":true}]}}