{"id":5500,"date":"2023-03-07T10:25:39","date_gmt":"2023-03-07T10:25:39","guid":{"rendered":"https:\/\/toskani.com\/ch\/product\/purifying-cocktail\/"},"modified":"2025-10-06T15:28:25","modified_gmt":"2025-10-06T15:28:25","slug":"cocktail-purifiant","status":"publish","type":"product","link":"https:\/\/toskani.com\/ch\/fr\/produit\/cocktail-purifiant\/","title":{"rendered":"Cocktail purifiant"},"content":{"rendered":"<p>Solution pour r\u00e9duire les imperfections des peaux grasses et acn\u00e9iques. R\u00e9duit les imperfections et am\u00e9liore l&#8217;aspect g\u00e9n\u00e9ral de la peau.<\/p>\n","protected":false},"excerpt":{"rendered":"<p>Solution pour r\u00e9duire les imperfections des peaux grasses et acn\u00e9iques. R\u00e9duit les imperfections et am\u00e9liore l&#8217;aspect g\u00e9n\u00e9ral de la peau.<\/p>\n","protected":false},"featured_media":4754,"template":"","meta":[],"product_cat":[157,207,124],"product_tag":[],"class_list":["post-5500","product","type-product","status-publish","has-post-thumbnail","hentry","product_cat-anti-acne-fr","product_cat-cocktails-fr","product_cat-facial-fr"],"acf":[],"aioseo_notices":[],"_links":{"self":[{"href":"https:\/\/toskani.com\/ch\/fr\/wp-json\/wp\/v2\/product\/5500","targetHints":{"allow":["GET"]}}],"collection":[{"href":"https:\/\/toskani.com\/ch\/fr\/wp-json\/wp\/v2\/product"}],"about":[{"href":"https:\/\/toskani.com\/ch\/fr\/wp-json\/wp\/v2\/types\/product"}],"wp:featuredmedia":[{"embeddable":true,"href":"https:\/\/toskani.com\/ch\/fr\/wp-json\/wp\/v2\/media\/4754"}],"wp:attachment":[{"href":"https:\/\/toskani.com\/ch\/fr\/wp-json\/wp\/v2\/media?parent=5500"}],"wp:term":[{"taxonomy":"product_cat","embeddable":true,"href":"https:\/\/toskani.com\/ch\/fr\/wp-json\/wp\/v2\/product_cat?post=5500"},{"taxonomy":"product_tag","embeddable":true,"href":"https:\/\/toskani.com\/ch\/fr\/wp-json\/wp\/v2\/product_tag?post=5500"}],"curies":[{"name":"wp","href":"https:\/\/api.w.org\/{rel}","templated":true}]}}