{"id":5474,"date":"2023-03-07T10:37:59","date_gmt":"2023-03-07T10:37:59","guid":{"rendered":"https:\/\/toskani.com\/ch\/product\/radiance-cocktail\/"},"modified":"2025-10-06T15:27:58","modified_gmt":"2025-10-06T15:27:58","slug":"cocktail-radieux","status":"publish","type":"product","link":"https:\/\/toskani.com\/ch\/fr\/produit\/cocktail-radieux\/","title":{"rendered":"Cocktail d&#8217;\u00e9clat"},"content":{"rendered":"<p>Solution \u00e0 action corrective pour unifier le teint in\u00e9gal.<\/p>\n","protected":false},"excerpt":{"rendered":"<p>Solution \u00e0 action corrective pour unifier le teint in\u00e9gal.<\/p>\n","protected":false},"featured_media":4757,"template":"","meta":[],"product_cat":[207,163,152,124],"product_tag":[],"class_list":["post-5474","product","type-product","status-publish","has-post-thumbnail","hentry","product_cat-cocktails-fr","product_cat-corporal-fr","product_cat-despigmentacion-fr","product_cat-facial-fr"],"acf":[],"aioseo_notices":[],"_links":{"self":[{"href":"https:\/\/toskani.com\/ch\/fr\/wp-json\/wp\/v2\/product\/5474","targetHints":{"allow":["GET"]}}],"collection":[{"href":"https:\/\/toskani.com\/ch\/fr\/wp-json\/wp\/v2\/product"}],"about":[{"href":"https:\/\/toskani.com\/ch\/fr\/wp-json\/wp\/v2\/types\/product"}],"wp:featuredmedia":[{"embeddable":true,"href":"https:\/\/toskani.com\/ch\/fr\/wp-json\/wp\/v2\/media\/4757"}],"wp:attachment":[{"href":"https:\/\/toskani.com\/ch\/fr\/wp-json\/wp\/v2\/media?parent=5474"}],"wp:term":[{"taxonomy":"product_cat","embeddable":true,"href":"https:\/\/toskani.com\/ch\/fr\/wp-json\/wp\/v2\/product_cat?post=5474"},{"taxonomy":"product_tag","embeddable":true,"href":"https:\/\/toskani.com\/ch\/fr\/wp-json\/wp\/v2\/product_tag?post=5474"}],"curies":[{"name":"wp","href":"https:\/\/api.w.org\/{rel}","templated":true}]}}