{"id":5469,"date":"2023-03-07T10:41:58","date_gmt":"2023-03-07T10:41:58","guid":{"rendered":"https:\/\/toskani.com\/ch\/product\/regenerating-cocktail\/"},"modified":"2025-10-06T15:27:33","modified_gmt":"2025-10-06T15:27:33","slug":"cocktail-regenerant","status":"publish","type":"product","link":"https:\/\/toskani.com\/ch\/fr\/produit\/cocktail-regenerant\/","title":{"rendered":"Cocktail r\u00e9g\u00e9n\u00e9rant"},"content":{"rendered":"<p>Solution riche en collag\u00e8ne et en \u00e9lastine pour la r\u00e9paration de la peau. Donne \u00e0 la peau \u00e9lasticit\u00e9, douceur et souplesse.<\/p>\n","protected":false},"excerpt":{"rendered":"<p>Solution riche en collag\u00e8ne et en \u00e9lastine pour la r\u00e9paration de la peau. Donne \u00e0 la peau \u00e9lasticit\u00e9, douceur et souplesse.<\/p>\n","protected":false},"featured_media":4760,"template":"","meta":[],"product_cat":[207,163,124,202],"product_tag":[],"class_list":["post-5469","product","type-product","status-publish","has-post-thumbnail","hentry","product_cat-cocktails-fr","product_cat-corporal-fr","product_cat-facial-fr","product_cat-reparar-fr"],"acf":[],"aioseo_notices":[],"_links":{"self":[{"href":"https:\/\/toskani.com\/ch\/fr\/wp-json\/wp\/v2\/product\/5469","targetHints":{"allow":["GET"]}}],"collection":[{"href":"https:\/\/toskani.com\/ch\/fr\/wp-json\/wp\/v2\/product"}],"about":[{"href":"https:\/\/toskani.com\/ch\/fr\/wp-json\/wp\/v2\/types\/product"}],"wp:featuredmedia":[{"embeddable":true,"href":"https:\/\/toskani.com\/ch\/fr\/wp-json\/wp\/v2\/media\/4760"}],"wp:attachment":[{"href":"https:\/\/toskani.com\/ch\/fr\/wp-json\/wp\/v2\/media?parent=5469"}],"wp:term":[{"taxonomy":"product_cat","embeddable":true,"href":"https:\/\/toskani.com\/ch\/fr\/wp-json\/wp\/v2\/product_cat?post=5469"},{"taxonomy":"product_tag","embeddable":true,"href":"https:\/\/toskani.com\/ch\/fr\/wp-json\/wp\/v2\/product_tag?post=5469"}],"curies":[{"name":"wp","href":"https:\/\/api.w.org\/{rel}","templated":true}]}}