{"id":5459,"date":"2023-03-07T10:51:48","date_gmt":"2023-03-07T10:51:48","guid":{"rendered":"https:\/\/toskani.com\/ch\/product\/glycosome-duo\/"},"modified":"2024-01-02T09:31:20","modified_gmt":"2024-01-02T09:31:20","slug":"glycosome-duo","status":"publish","type":"product","link":"https:\/\/toskani.com\/ch\/fr\/produit\/glycosome-duo\/","title":{"rendered":"Duo Glycosome"},"content":{"rendered":"<p>Peeling aux liposomes avec une double action de renouvellement de la peau et d&#8217;am\u00e9lioration de l&#8217;apparence de la peau avec des rides et des lignes d&#8217;expression. Il contient de l&#8217;acide glycolique encapsul\u00e9 gr\u00e2ce \u00e0 une technologie innovante qui offre tous les avantages d&#8217;un peeling chimique, avec des r\u00e9sultats imm\u00e9diats, mais sans l&#8217;irritation post-traitement.<span class=\"Apple-converted-space\"> <\/span><\/p>\n<p>La bo\u00eete contient 10 paquets de 5 perles de 1 ml.<span class=\"Apple-converted-space\"> <\/span><\/p>\n","protected":false},"excerpt":{"rendered":"<p>Peeling aux liposomes avec une double action de renouvellement de la peau et d&#8217;am\u00e9lioration de l&#8217;apparence de la peau avec des rides et des lignes d&#8217;expression. Il contient de l&#8217;acide [&hellip;]<\/p>\n","protected":false},"featured_media":5309,"template":"","meta":[],"product_cat":[123,197,124],"product_tag":[],"class_list":["post-5459","product","type-product","status-publish","has-post-thumbnail","hentry","product_cat-antiedad-fr","product_cat-exfoliante-fr","product_cat-facial-fr"],"acf":[],"aioseo_notices":[],"_links":{"self":[{"href":"https:\/\/toskani.com\/ch\/fr\/wp-json\/wp\/v2\/product\/5459","targetHints":{"allow":["GET"]}}],"collection":[{"href":"https:\/\/toskani.com\/ch\/fr\/wp-json\/wp\/v2\/product"}],"about":[{"href":"https:\/\/toskani.com\/ch\/fr\/wp-json\/wp\/v2\/types\/product"}],"wp:featuredmedia":[{"embeddable":true,"href":"https:\/\/toskani.com\/ch\/fr\/wp-json\/wp\/v2\/media\/5309"}],"wp:attachment":[{"href":"https:\/\/toskani.com\/ch\/fr\/wp-json\/wp\/v2\/media?parent=5459"}],"wp:term":[{"taxonomy":"product_cat","embeddable":true,"href":"https:\/\/toskani.com\/ch\/fr\/wp-json\/wp\/v2\/product_cat?post=5459"},{"taxonomy":"product_tag","embeddable":true,"href":"https:\/\/toskani.com\/ch\/fr\/wp-json\/wp\/v2\/product_tag?post=5459"}],"curies":[{"name":"wp","href":"https:\/\/api.w.org\/{rel}","templated":true}]}}