{"id":5454,"date":"2023-03-07T10:57:44","date_gmt":"2023-03-07T10:57:44","guid":{"rendered":"https:\/\/toskani.com\/ch\/product\/lactisome-duo\/"},"modified":"2024-01-02T09:31:16","modified_gmt":"2024-01-02T09:31:16","slug":"lactisome-duo","status":"publish","type":"product","link":"https:\/\/toskani.com\/ch\/fr\/produit\/lactisome-duo\/","title":{"rendered":"Lactisome Duo"},"content":{"rendered":"<p>Peeling pour l&#8217;am\u00e9lioration de l&#8217;apparence des peaux sensibles \u00e0 base d&#8217;acide lactique, am\u00e9liore la fermet\u00e9, lisse la texture et r\u00e9duit l&#8217;apparence des rides et ridules de la peau.<span class=\"Apple-converted-space\"> <\/span><\/p>\n<p>Lactisome Duo utilise une technologie innovante d&#8217;acides encapsul\u00e9s dans des liposomes qui offre tous les avantages d&#8217;un peeling chimique, avec des r\u00e9sultats imm\u00e9diats, mais sans l&#8217;irritation post-traitement.<span class=\"Apple-converted-space\"> <\/span><\/p>\n<p>La bo\u00eete contient 10 paquets de 5 perles de 1 ml.<span class=\"Apple-converted-space\"> <\/span><\/p>\n","protected":false},"excerpt":{"rendered":"<p>Peeling pour l&#8217;am\u00e9lioration de l&#8217;apparence des peaux sensibles \u00e0 base d&#8217;acide lactique, am\u00e9liore la fermet\u00e9, lisse la texture et r\u00e9duit l&#8217;apparence des rides et ridules de la peau. Lactisome Duo [&hellip;]<\/p>\n","protected":false},"featured_media":5318,"template":"","meta":[],"product_cat":[197,124,202],"product_tag":[],"class_list":["post-5454","product","type-product","status-publish","has-post-thumbnail","hentry","product_cat-exfoliante-fr","product_cat-facial-fr","product_cat-reparar-fr"],"acf":[],"aioseo_notices":[],"_links":{"self":[{"href":"https:\/\/toskani.com\/ch\/fr\/wp-json\/wp\/v2\/product\/5454","targetHints":{"allow":["GET"]}}],"collection":[{"href":"https:\/\/toskani.com\/ch\/fr\/wp-json\/wp\/v2\/product"}],"about":[{"href":"https:\/\/toskani.com\/ch\/fr\/wp-json\/wp\/v2\/types\/product"}],"wp:featuredmedia":[{"embeddable":true,"href":"https:\/\/toskani.com\/ch\/fr\/wp-json\/wp\/v2\/media\/5318"}],"wp:attachment":[{"href":"https:\/\/toskani.com\/ch\/fr\/wp-json\/wp\/v2\/media?parent=5454"}],"wp:term":[{"taxonomy":"product_cat","embeddable":true,"href":"https:\/\/toskani.com\/ch\/fr\/wp-json\/wp\/v2\/product_cat?post=5454"},{"taxonomy":"product_tag","embeddable":true,"href":"https:\/\/toskani.com\/ch\/fr\/wp-json\/wp\/v2\/product_tag?post=5454"}],"curies":[{"name":"wp","href":"https:\/\/api.w.org\/{rel}","templated":true}]}}