{"id":5449,"date":"2023-03-07T11:04:14","date_gmt":"2023-03-07T11:04:14","guid":{"rendered":"https:\/\/toskani.com\/ch\/product\/mandesome-duo\/"},"modified":"2024-01-02T09:31:19","modified_gmt":"2024-01-02T09:31:19","slug":"mandesome-duo","status":"publish","type":"product","link":"https:\/\/toskani.com\/ch\/fr\/produit\/mandesome-duo\/","title":{"rendered":"Mandesome Duo"},"content":{"rendered":"<p>Peeling aux liposomes \u00e0 base d&#8217;acide mand\u00e9lique, qui offre une double action de renouvellement cutan\u00e9 et d&#8217;\u00e9claircissement de la peau gr\u00e2ce \u00e0 une technologie innovante d&#8217;acides encapsul\u00e9s dans des liposomes qui offre tous les avantages d&#8217;un peeling chimique, avec des r\u00e9sultats imm\u00e9diats, mais sans les irritations post-traitement.<\/p>\n<p>La bo\u00eete contient 10 paquets de 5 perles de 1 ml.<\/p>\n","protected":false},"excerpt":{"rendered":"<p>Peeling aux liposomes \u00e0 base d&#8217;acide mand\u00e9lique, qui offre une double action de renouvellement cutan\u00e9 et d&#8217;\u00e9claircissement de la peau gr\u00e2ce \u00e0 une technologie innovante d&#8217;acides encapsul\u00e9s dans des liposomes [&hellip;]<\/p>\n","protected":false},"featured_media":5312,"template":"","meta":[],"product_cat":[152,197,124],"product_tag":[],"class_list":["post-5449","product","type-product","status-publish","has-post-thumbnail","hentry","product_cat-despigmentacion-fr","product_cat-exfoliante-fr","product_cat-facial-fr"],"acf":[],"aioseo_notices":[],"_links":{"self":[{"href":"https:\/\/toskani.com\/ch\/fr\/wp-json\/wp\/v2\/product\/5449","targetHints":{"allow":["GET"]}}],"collection":[{"href":"https:\/\/toskani.com\/ch\/fr\/wp-json\/wp\/v2\/product"}],"about":[{"href":"https:\/\/toskani.com\/ch\/fr\/wp-json\/wp\/v2\/types\/product"}],"wp:featuredmedia":[{"embeddable":true,"href":"https:\/\/toskani.com\/ch\/fr\/wp-json\/wp\/v2\/media\/5312"}],"wp:attachment":[{"href":"https:\/\/toskani.com\/ch\/fr\/wp-json\/wp\/v2\/media?parent=5449"}],"wp:term":[{"taxonomy":"product_cat","embeddable":true,"href":"https:\/\/toskani.com\/ch\/fr\/wp-json\/wp\/v2\/product_cat?post=5449"},{"taxonomy":"product_tag","embeddable":true,"href":"https:\/\/toskani.com\/ch\/fr\/wp-json\/wp\/v2\/product_tag?post=5449"}],"curies":[{"name":"wp","href":"https:\/\/api.w.org\/{rel}","templated":true}]}}