{"id":5342,"date":"2023-03-07T11:09:22","date_gmt":"2023-03-07T11:09:22","guid":{"rendered":"https:\/\/toskani.com\/ch\/product\/salisome-duo\/"},"modified":"2024-01-02T09:31:14","modified_gmt":"2024-01-02T09:31:14","slug":"salisome-duo","status":"publish","type":"product","link":"https:\/\/toskani.com\/ch\/fr\/produit\/salisome-duo\/","title":{"rendered":"Salisome Duo"},"content":{"rendered":"<p>Peeling chimique liposomal \u00e0 base d&#8217;acide salicylique. Renouvelle et am\u00e9liore l&#8217;aspect des peaux grasses et acn\u00e9iques. Gr\u00e2ce \u00e0 une technologie innovante d&#8217;acides encapsul\u00e9s dans des liposomes, il offre tous les avantages d&#8217;un peeling chimique, avec des r\u00e9sultats imm\u00e9diats, mais sans les irritations post-traitement.<span class=\"Apple-converted-space\"> <\/span><\/p>\n<p>La bo\u00eete contient 10 paquets de 5 perles de 1 ml.<span class=\"Apple-converted-space\"> <\/span><\/p>\n","protected":false},"excerpt":{"rendered":"<p>Peeling chimique liposomal \u00e0 base d&#8217;acide salicylique. Renouvelle et am\u00e9liore l&#8217;aspect des peaux grasses et acn\u00e9iques. Gr\u00e2ce \u00e0 une technologie innovante d&#8217;acides encapsul\u00e9s dans des liposomes, il offre tous les [&hellip;]<\/p>\n","protected":false},"featured_media":5321,"template":"","meta":[],"product_cat":[157,197,124],"product_tag":[],"class_list":["post-5342","product","type-product","status-publish","has-post-thumbnail","hentry","product_cat-anti-acne-fr","product_cat-exfoliante-fr","product_cat-facial-fr"],"acf":[],"aioseo_notices":[],"_links":{"self":[{"href":"https:\/\/toskani.com\/ch\/fr\/wp-json\/wp\/v2\/product\/5342","targetHints":{"allow":["GET"]}}],"collection":[{"href":"https:\/\/toskani.com\/ch\/fr\/wp-json\/wp\/v2\/product"}],"about":[{"href":"https:\/\/toskani.com\/ch\/fr\/wp-json\/wp\/v2\/types\/product"}],"wp:featuredmedia":[{"embeddable":true,"href":"https:\/\/toskani.com\/ch\/fr\/wp-json\/wp\/v2\/media\/5321"}],"wp:attachment":[{"href":"https:\/\/toskani.com\/ch\/fr\/wp-json\/wp\/v2\/media?parent=5342"}],"wp:term":[{"taxonomy":"product_cat","embeddable":true,"href":"https:\/\/toskani.com\/ch\/fr\/wp-json\/wp\/v2\/product_cat?post=5342"},{"taxonomy":"product_tag","embeddable":true,"href":"https:\/\/toskani.com\/ch\/fr\/wp-json\/wp\/v2\/product_tag?post=5342"}],"curies":[{"name":"wp","href":"https:\/\/api.w.org\/{rel}","templated":true}]}}