{"id":5286,"date":"2023-03-07T11:15:50","date_gmt":"2023-03-07T11:15:50","guid":{"rendered":"https:\/\/toskani.com\/ch\/product\/bamboo-hydratonic\/"},"modified":"2024-01-02T09:31:17","modified_gmt":"2024-01-02T09:31:17","slug":"bambou-hydratant","status":"publish","type":"product","link":"https:\/\/toskani.com\/ch\/fr\/produit\/bambou-hydratant\/","title":{"rendered":"Bambou hydratant"},"content":{"rendered":"<p>Tonique hydratant et micro-exfoliant pour le visage.<\/p>\n<p>Le Bamboo hydratonic compl\u00e8te la routine de nettoyage de la peau et fournit une exfoliation douce qui \u00e9limine les impuret\u00e9s et les cellules mortes de la peau tout en acc\u00e9l\u00e9rant le renouvellement cellulaire. Il s&#8217;agit d&#8217;un tonique frais, d\u00e9licatement parfum\u00e9, sans alcool, contenant de l&#8217;extrait d&#8217;aloe vera apaisant et r\u00e9parateur, qui procure une sensation de propret\u00e9 et de fra\u00eecheur. Il tonifie et r\u00e9\u00e9quilibre les fonctions de la peau et la pr\u00e9pare \u00e0 l&#8217;application ult\u00e9rieure de produits cosm\u00e9tiques.<span class=\"Apple-converted-space\"> <\/span><\/p>\n","protected":false},"excerpt":{"rendered":"<p>Tonique hydratant et micro-exfoliant pour le visage. Le Bamboo hydratonic compl\u00e8te la routine de nettoyage de la peau et fournit une exfoliation douce qui \u00e9limine les impuret\u00e9s et les cellules [&hellip;]<\/p>\n","protected":false},"featured_media":4778,"template":"","meta":[],"product_cat":[197,124,188],"product_tag":[],"class_list":["post-5286","product","type-product","status-publish","has-post-thumbnail","hentry","product_cat-exfoliante-fr","product_cat-facial-fr","product_cat-higiene-fr"],"acf":[],"aioseo_notices":[],"_links":{"self":[{"href":"https:\/\/toskani.com\/ch\/fr\/wp-json\/wp\/v2\/product\/5286","targetHints":{"allow":["GET"]}}],"collection":[{"href":"https:\/\/toskani.com\/ch\/fr\/wp-json\/wp\/v2\/product"}],"about":[{"href":"https:\/\/toskani.com\/ch\/fr\/wp-json\/wp\/v2\/types\/product"}],"wp:featuredmedia":[{"embeddable":true,"href":"https:\/\/toskani.com\/ch\/fr\/wp-json\/wp\/v2\/media\/4778"}],"wp:attachment":[{"href":"https:\/\/toskani.com\/ch\/fr\/wp-json\/wp\/v2\/media?parent=5286"}],"wp:term":[{"taxonomy":"product_cat","embeddable":true,"href":"https:\/\/toskani.com\/ch\/fr\/wp-json\/wp\/v2\/product_cat?post=5286"},{"taxonomy":"product_tag","embeddable":true,"href":"https:\/\/toskani.com\/ch\/fr\/wp-json\/wp\/v2\/product_tag?post=5286"}],"curies":[{"name":"wp","href":"https:\/\/api.w.org\/{rel}","templated":true}]}}