{"id":5281,"date":"2023-03-07T11:18:04","date_gmt":"2023-03-07T11:18:04","guid":{"rendered":"https:\/\/toskani.com\/ch\/product\/energizing-cleanser\/"},"modified":"2024-01-02T09:31:21","modified_gmt":"2024-01-02T09:31:21","slug":"nettoyant-energisant","status":"publish","type":"product","link":"https:\/\/toskani.com\/ch\/fr\/produit\/nettoyant-energisant\/","title":{"rendered":"Nettoyant \u00e9nergisant"},"content":{"rendered":"<p>Gel nettoyant activant pour le visage avec une action revitalisante qui procure une sensation de fra\u00eecheur. Nettoie, purifie et tonifie la peau,<span class=\"Apple-converted-space\">  <\/span>favoriser l&#8217;absorption des produits cosm\u00e9tiques appliqu\u00e9s par la suite. Sa formule gel \u00e9limine la salet\u00e9, la poussi\u00e8re, l&#8217;exc\u00e8s de s\u00e9bum et les cellules mortes sans agresser la peau et en pr\u00e9servant son film hydrolipidique.<\/p>\n","protected":false},"excerpt":{"rendered":"<p>Gel nettoyant activant pour le visage avec une action revitalisante qui procure une sensation de fra\u00eecheur. Nettoie, purifie et tonifie la peau, favoriser l&#8217;absorption des produits cosm\u00e9tiques appliqu\u00e9s par la [&hellip;]<\/p>\n","protected":false},"featured_media":4781,"template":"","meta":[],"product_cat":[187,124,188],"product_tag":[],"class_list":["post-5281","product","type-product","status-publish","has-post-thumbnail","hentry","product_cat-cleanser-fr","product_cat-facial-fr","product_cat-higiene-fr"],"acf":[],"aioseo_notices":[],"_links":{"self":[{"href":"https:\/\/toskani.com\/ch\/fr\/wp-json\/wp\/v2\/product\/5281","targetHints":{"allow":["GET"]}}],"collection":[{"href":"https:\/\/toskani.com\/ch\/fr\/wp-json\/wp\/v2\/product"}],"about":[{"href":"https:\/\/toskani.com\/ch\/fr\/wp-json\/wp\/v2\/types\/product"}],"wp:featuredmedia":[{"embeddable":true,"href":"https:\/\/toskani.com\/ch\/fr\/wp-json\/wp\/v2\/media\/4781"}],"wp:attachment":[{"href":"https:\/\/toskani.com\/ch\/fr\/wp-json\/wp\/v2\/media?parent=5281"}],"wp:term":[{"taxonomy":"product_cat","embeddable":true,"href":"https:\/\/toskani.com\/ch\/fr\/wp-json\/wp\/v2\/product_cat?post=5281"},{"taxonomy":"product_tag","embeddable":true,"href":"https:\/\/toskani.com\/ch\/fr\/wp-json\/wp\/v2\/product_tag?post=5281"}],"curies":[{"name":"wp","href":"https:\/\/api.w.org\/{rel}","templated":true}]}}