{"id":5271,"date":"2023-03-07T11:26:04","date_gmt":"2023-03-07T11:26:04","guid":{"rendered":"https:\/\/toskani.com\/ch\/product\/purifying-cleanser\/"},"modified":"2024-01-02T09:31:19","modified_gmt":"2024-01-02T09:31:19","slug":"nettoyant-purifiant","status":"publish","type":"product","link":"https:\/\/toskani.com\/ch\/fr\/produit\/nettoyant-purifiant\/","title":{"rendered":"Nettoyant purifiant"},"content":{"rendered":"<p>Gel nettoyant pour le visage destin\u00e9 aux peaux grasses, mixtes et impures. R\u00e9duit l&#8217;exc\u00e8s de s\u00e9bum et de graisse, \u00e9limine la brillance<span class=\"Apple-converted-space\">  <\/span>matifier la peau.<span class=\"Apple-converted-space\"> <\/span><\/p>\n<p>Formule douce sans tensioactifs ni sulfates<span class=\"Apple-converted-space\">  <\/span>aide \u00e0 \u00e9liminer les impuret\u00e9s et les bact\u00e9ries en surface sans irriter la peau. Il est recommand\u00e9 pour les peaux \u00e0 tendance acn\u00e9ique et les peaux sujettes aux points noirs et aux boutons.<span class=\"Apple-converted-space\"> <\/span><\/p>\n","protected":false},"excerpt":{"rendered":"<p>Gel nettoyant pour le visage destin\u00e9 aux peaux grasses, mixtes et impures. R\u00e9duit l&#8217;exc\u00e8s de s\u00e9bum et de graisse, \u00e9limine la brillance matifier la peau. Formule douce sans tensioactifs ni [&hellip;]<\/p>\n","protected":false},"featured_media":4796,"template":"","meta":[],"product_cat":[187,124,188],"product_tag":[],"class_list":["post-5271","product","type-product","status-publish","has-post-thumbnail","hentry","product_cat-cleanser-fr","product_cat-facial-fr","product_cat-higiene-fr"],"acf":[],"aioseo_notices":[],"_links":{"self":[{"href":"https:\/\/toskani.com\/ch\/fr\/wp-json\/wp\/v2\/product\/5271","targetHints":{"allow":["GET"]}}],"collection":[{"href":"https:\/\/toskani.com\/ch\/fr\/wp-json\/wp\/v2\/product"}],"about":[{"href":"https:\/\/toskani.com\/ch\/fr\/wp-json\/wp\/v2\/types\/product"}],"wp:featuredmedia":[{"embeddable":true,"href":"https:\/\/toskani.com\/ch\/fr\/wp-json\/wp\/v2\/media\/4796"}],"wp:attachment":[{"href":"https:\/\/toskani.com\/ch\/fr\/wp-json\/wp\/v2\/media?parent=5271"}],"wp:term":[{"taxonomy":"product_cat","embeddable":true,"href":"https:\/\/toskani.com\/ch\/fr\/wp-json\/wp\/v2\/product_cat?post=5271"},{"taxonomy":"product_tag","embeddable":true,"href":"https:\/\/toskani.com\/ch\/fr\/wp-json\/wp\/v2\/product_tag?post=5271"}],"curies":[{"name":"wp","href":"https:\/\/api.w.org\/{rel}","templated":true}]}}