{"id":5261,"date":"2023-05-17T10:50:49","date_gmt":"2023-05-17T10:50:49","guid":{"rendered":"https:\/\/toskani.com\/ch\/product\/b-hidroxin\/"},"modified":"2024-01-02T09:29:54","modified_gmt":"2024-01-02T09:29:54","slug":"b-hydroxine","status":"publish","type":"product","link":"https:\/\/toskani.com\/ch\/fr\/produit\/b-hydroxine\/","title":{"rendered":"B-Hydroxine"},"content":{"rendered":"<p>Ampoules unidoses de biotine (vitamine B8) pour renforcer les cheveux.<\/p>\n<p>Une mauvaise alimentation, le stress ou les changements de saison peuvent entra\u00eener une carence en biotine, ce qui se traduit par des cheveux fragiles, une chute de cheveux et des ongles cassants. La carence en biotine peut \u00e9galement se manifester au niveau de la peau sous forme d&#8217;acn\u00e9, d&#8217;ecz\u00e9ma s\u00e9borrh\u00e9ique ou de dermatite exfoliative. Les ampoules de biotine agissent comme un revitalisant, renfor\u00e7ant les cheveux et les ongles et am\u00e9liorant leur apparence.<span class=\"Apple-converted-space\"> <\/span><\/p>\n<p>L&#8217;emballage contient 20 ampoules de 2 ml.<span class=\"Apple-converted-space\"> <\/span><\/p>\n","protected":false},"excerpt":{"rendered":"<p>Ampoules unidoses de biotine (vitamine B8) pour renforcer les cheveux. Une mauvaise alimentation, le stress ou les changements de saison peuvent entra\u00eener une carence en biotine, ce qui se traduit [&hellip;]<\/p>\n","protected":false},"featured_media":5025,"template":"","meta":[],"product_cat":[177,162],"product_tag":[],"class_list":["post-5261","product","type-product","status-publish","has-post-thumbnail","hentry","product_cat-ampollas-fr","product_cat-capilar-fr"],"acf":[],"aioseo_notices":[],"_links":{"self":[{"href":"https:\/\/toskani.com\/ch\/fr\/wp-json\/wp\/v2\/product\/5261","targetHints":{"allow":["GET"]}}],"collection":[{"href":"https:\/\/toskani.com\/ch\/fr\/wp-json\/wp\/v2\/product"}],"about":[{"href":"https:\/\/toskani.com\/ch\/fr\/wp-json\/wp\/v2\/types\/product"}],"wp:featuredmedia":[{"embeddable":true,"href":"https:\/\/toskani.com\/ch\/fr\/wp-json\/wp\/v2\/media\/5025"}],"wp:attachment":[{"href":"https:\/\/toskani.com\/ch\/fr\/wp-json\/wp\/v2\/media?parent=5261"}],"wp:term":[{"taxonomy":"product_cat","embeddable":true,"href":"https:\/\/toskani.com\/ch\/fr\/wp-json\/wp\/v2\/product_cat?post=5261"},{"taxonomy":"product_tag","embeddable":true,"href":"https:\/\/toskani.com\/ch\/fr\/wp-json\/wp\/v2\/product_tag?post=5261"}],"curies":[{"name":"wp","href":"https:\/\/api.w.org\/{rel}","templated":true}]}}