{"id":5149,"date":"2023-05-17T11:08:42","date_gmt":"2023-05-17T11:08:42","guid":{"rendered":"https:\/\/toskani.com\/ch\/product\/cudenox\/"},"modified":"2024-01-02T09:29:53","modified_gmt":"2024-01-02T09:29:53","slug":"cudenox","status":"publish","type":"product","link":"https:\/\/toskani.com\/ch\/fr\/produit\/cudenox\/","title":{"rendered":"Cudenox"},"content":{"rendered":"<p>La solution \u00e0 base de r\u00e9tinol (vitamine A) aide \u00e0 corriger les rides fines. Gr\u00e2ce aux propri\u00e9t\u00e9s r\u00e9novatrices du r\u00e9tinol, Cudenox am\u00e9liore la texture de la peau, pr\u00e9vient la s\u00e9cheresse et la desquamation.<span class=\"Apple-converted-space\"> <\/span><\/p>\n","protected":false},"excerpt":{"rendered":"<p>La solution \u00e0 base de r\u00e9tinol (vitamine A) aide \u00e0 corriger les rides fines. Gr\u00e2ce aux propri\u00e9t\u00e9s r\u00e9novatrices du r\u00e9tinol, Cudenox am\u00e9liore la texture de la peau, pr\u00e9vient la s\u00e9cheresse [&hellip;]<\/p>\n","protected":false},"featured_media":5031,"template":"","meta":[],"product_cat":[177,123,124],"product_tag":[],"class_list":["post-5149","product","type-product","status-publish","has-post-thumbnail","hentry","product_cat-ampollas-fr","product_cat-antiedad-fr","product_cat-facial-fr"],"acf":[],"aioseo_notices":[],"_links":{"self":[{"href":"https:\/\/toskani.com\/ch\/fr\/wp-json\/wp\/v2\/product\/5149","targetHints":{"allow":["GET"]}}],"collection":[{"href":"https:\/\/toskani.com\/ch\/fr\/wp-json\/wp\/v2\/product"}],"about":[{"href":"https:\/\/toskani.com\/ch\/fr\/wp-json\/wp\/v2\/types\/product"}],"wp:featuredmedia":[{"embeddable":true,"href":"https:\/\/toskani.com\/ch\/fr\/wp-json\/wp\/v2\/media\/5031"}],"wp:attachment":[{"href":"https:\/\/toskani.com\/ch\/fr\/wp-json\/wp\/v2\/media?parent=5149"}],"wp:term":[{"taxonomy":"product_cat","embeddable":true,"href":"https:\/\/toskani.com\/ch\/fr\/wp-json\/wp\/v2\/product_cat?post=5149"},{"taxonomy":"product_tag","embeddable":true,"href":"https:\/\/toskani.com\/ch\/fr\/wp-json\/wp\/v2\/product_tag?post=5149"}],"curies":[{"name":"wp","href":"https:\/\/api.w.org\/{rel}","templated":true}]}}