{"id":5144,"date":"2023-05-17T11:14:20","date_gmt":"2023-05-17T11:14:20","guid":{"rendered":"https:\/\/toskani.com\/ch\/product\/ascormax\/"},"modified":"2024-01-02T09:29:51","modified_gmt":"2024-01-02T09:29:51","slug":"ascormax","status":"publish","type":"product","link":"https:\/\/toskani.com\/ch\/fr\/produit\/ascormax\/","title":{"rendered":"Ascormax"},"content":{"rendered":"<p class=\"p1\">Ascormax est une solution d&#8217;acide ascorbique (vitamine C) d\u00e9velopp\u00e9e par TOSKANI avec un puissant effet antioxydant qui diminue le taux de dommages caus\u00e9s par les radicaux libres \u00e0 la peau.<\/p>\n<p class=\"p1\"><span class=\"s1\">L&#8217;emballage contient 5 flacons de 5 ml.  <\/span><\/p>\n","protected":false},"excerpt":{"rendered":"<p>Ascormax est une solution d&#8217;acide ascorbique (vitamine C) d\u00e9velopp\u00e9e par TOSKANI avec un puissant effet antioxydant qui diminue le taux de dommages caus\u00e9s par les radicaux libres \u00e0 la peau. [&hellip;]<\/p>\n","protected":false},"featured_media":5040,"template":"","meta":[],"product_cat":[177,124,178],"product_tag":[],"class_list":["post-5144","product","type-product","status-publish","has-post-thumbnail","hentry","product_cat-ampollas-fr","product_cat-facial-fr","product_cat-proteccion-fr"],"acf":[],"aioseo_notices":[],"_links":{"self":[{"href":"https:\/\/toskani.com\/ch\/fr\/wp-json\/wp\/v2\/product\/5144","targetHints":{"allow":["GET"]}}],"collection":[{"href":"https:\/\/toskani.com\/ch\/fr\/wp-json\/wp\/v2\/product"}],"about":[{"href":"https:\/\/toskani.com\/ch\/fr\/wp-json\/wp\/v2\/types\/product"}],"wp:featuredmedia":[{"embeddable":true,"href":"https:\/\/toskani.com\/ch\/fr\/wp-json\/wp\/v2\/media\/5040"}],"wp:attachment":[{"href":"https:\/\/toskani.com\/ch\/fr\/wp-json\/wp\/v2\/media?parent=5144"}],"wp:term":[{"taxonomy":"product_cat","embeddable":true,"href":"https:\/\/toskani.com\/ch\/fr\/wp-json\/wp\/v2\/product_cat?post=5144"},{"taxonomy":"product_tag","embeddable":true,"href":"https:\/\/toskani.com\/ch\/fr\/wp-json\/wp\/v2\/product_tag?post=5144"}],"curies":[{"name":"wp","href":"https:\/\/api.w.org\/{rel}","templated":true}]}}