{"id":5134,"date":"2023-05-17T11:36:17","date_gmt":"2023-05-17T11:36:17","guid":{"rendered":"https:\/\/toskani.com\/ch\/product\/dimenyl\/"},"modified":"2024-01-02T09:29:50","modified_gmt":"2024-01-02T09:29:50","slug":"dimenyle","status":"publish","type":"product","link":"https:\/\/toskani.com\/ch\/fr\/produit\/dimenyle\/","title":{"rendered":"Dim\u00e9nyle"},"content":{"rendered":"<p>Ampoules unidoses \u00e0 base de Dim\u00e9thylamino\u00e9thanol (DMAE) pour restaurer la fermet\u00e9 de la peau.<span class=\"Apple-converted-space\"> <\/span><\/p>\n<p>L&#8217;emballage contient 20 ampoules de 5 ml.<span class=\"Apple-converted-space\"> <\/span><\/p>\n","protected":false},"excerpt":{"rendered":"<p>Ampoules unidoses \u00e0 base de Dim\u00e9thylamino\u00e9thanol (DMAE) pour restaurer la fermet\u00e9 de la peau. L&#8217;emballage contient 20 ampoules de 5 ml.<\/p>\n","protected":false},"featured_media":5046,"template":"","meta":[],"product_cat":[177,123,163,124],"product_tag":[],"class_list":["post-5134","product","type-product","status-publish","has-post-thumbnail","hentry","product_cat-ampollas-fr","product_cat-antiedad-fr","product_cat-corporal-fr","product_cat-facial-fr"],"acf":[],"aioseo_notices":[],"_links":{"self":[{"href":"https:\/\/toskani.com\/ch\/fr\/wp-json\/wp\/v2\/product\/5134","targetHints":{"allow":["GET"]}}],"collection":[{"href":"https:\/\/toskani.com\/ch\/fr\/wp-json\/wp\/v2\/product"}],"about":[{"href":"https:\/\/toskani.com\/ch\/fr\/wp-json\/wp\/v2\/types\/product"}],"wp:featuredmedia":[{"embeddable":true,"href":"https:\/\/toskani.com\/ch\/fr\/wp-json\/wp\/v2\/media\/5046"}],"wp:attachment":[{"href":"https:\/\/toskani.com\/ch\/fr\/wp-json\/wp\/v2\/media?parent=5134"}],"wp:term":[{"taxonomy":"product_cat","embeddable":true,"href":"https:\/\/toskani.com\/ch\/fr\/wp-json\/wp\/v2\/product_cat?post=5134"},{"taxonomy":"product_tag","embeddable":true,"href":"https:\/\/toskani.com\/ch\/fr\/wp-json\/wp\/v2\/product_tag?post=5134"}],"curies":[{"name":"wp","href":"https:\/\/api.w.org\/{rel}","templated":true}]}}