{"id":5129,"date":"2023-05-17T11:38:34","date_gmt":"2023-05-17T11:38:34","guid":{"rendered":"https:\/\/toskani.com\/ch\/product\/dm-silk\/"},"modified":"2024-01-02T09:29:52","modified_gmt":"2024-01-02T09:29:52","slug":"dm-silk","status":"publish","type":"product","link":"https:\/\/toskani.com\/ch\/fr\/produit\/dm-silk\/","title":{"rendered":"DM-Silk"},"content":{"rendered":"<p>Ampoules unidoses \u00e0 effet raffermissant. Sa composition \u00e0 base de silicium organique et de DMAE am\u00e9liore la synth\u00e8se du collag\u00e8ne et de l&#8217;\u00e9lastine, r\u00e9gule l&#8217;hydratation et contribue \u00e0 redonner fermet\u00e9, \u00e9lasticit\u00e9 et souplesse \u00e0 la peau.<span class=\"Apple-converted-space\"> <\/span><\/p>\n<p>L&#8217;emballage contient 20 ampoules de 5 ml.<span class=\"Apple-converted-space\"> <\/span><\/p>\n","protected":false},"excerpt":{"rendered":"<p>Ampoules unidoses \u00e0 effet raffermissant. Sa composition \u00e0 base de silicium organique et de DMAE am\u00e9liore la synth\u00e8se du collag\u00e8ne et de l&#8217;\u00e9lastine, r\u00e9gule l&#8217;hydratation et contribue \u00e0 redonner fermet\u00e9, [&hellip;]<\/p>\n","protected":false},"featured_media":5049,"template":"","meta":[],"product_cat":[177,123,124],"product_tag":[],"class_list":["post-5129","product","type-product","status-publish","has-post-thumbnail","hentry","product_cat-ampollas-fr","product_cat-antiedad-fr","product_cat-facial-fr"],"acf":[],"aioseo_notices":[],"_links":{"self":[{"href":"https:\/\/toskani.com\/ch\/fr\/wp-json\/wp\/v2\/product\/5129","targetHints":{"allow":["GET"]}}],"collection":[{"href":"https:\/\/toskani.com\/ch\/fr\/wp-json\/wp\/v2\/product"}],"about":[{"href":"https:\/\/toskani.com\/ch\/fr\/wp-json\/wp\/v2\/types\/product"}],"wp:featuredmedia":[{"embeddable":true,"href":"https:\/\/toskani.com\/ch\/fr\/wp-json\/wp\/v2\/media\/5049"}],"wp:attachment":[{"href":"https:\/\/toskani.com\/ch\/fr\/wp-json\/wp\/v2\/media?parent=5129"}],"wp:term":[{"taxonomy":"product_cat","embeddable":true,"href":"https:\/\/toskani.com\/ch\/fr\/wp-json\/wp\/v2\/product_cat?post=5129"},{"taxonomy":"product_tag","embeddable":true,"href":"https:\/\/toskani.com\/ch\/fr\/wp-json\/wp\/v2\/product_tag?post=5129"}],"curies":[{"name":"wp","href":"https:\/\/api.w.org\/{rel}","templated":true}]}}