{"id":5014,"date":"2023-05-17T11:42:14","date_gmt":"2023-05-17T11:42:14","guid":{"rendered":"https:\/\/toskani.com\/ch\/product\/glycomax\/"},"modified":"2024-01-02T09:29:51","modified_gmt":"2024-01-02T09:29:51","slug":"glycomax","status":"publish","type":"product","link":"https:\/\/toskani.com\/ch\/fr\/produit\/glycomax\/","title":{"rendered":"Glycomax"},"content":{"rendered":"<p>Ampoules unidoses d&#8217;acide glycolique \u00e0 1 % pour un peeling superficiel convenant \u00e0 tous les types de peau. Il permet une exfoliation douce qui \u00e9limine progressivement les fines cellules mortes de la couche externe de la peau. Stimule le renouvellement cellulaire, am\u00e9liore l&#8217;hydratation et donne \u00e0 la peau une apparence plus jeune.<span class=\"Apple-converted-space\"> <\/span><\/p>\n<p>L&#8217;emballage contient 20 ampoules de 2 ml.<\/p>\n","protected":false},"excerpt":{"rendered":"<p>Ampoules unidoses d&#8217;acide glycolique \u00e0 1 % pour un peeling superficiel convenant \u00e0 tous les types de peau. Il permet une exfoliation douce qui \u00e9limine progressivement les fines cellules mortes [&hellip;]<\/p>\n","protected":false},"featured_media":5015,"template":"","meta":[],"product_cat":[177,123,124],"product_tag":[],"class_list":["post-5014","product","type-product","status-publish","has-post-thumbnail","hentry","product_cat-ampollas-fr","product_cat-antiedad-fr","product_cat-facial-fr"],"acf":[],"aioseo_notices":[],"_links":{"self":[{"href":"https:\/\/toskani.com\/ch\/fr\/wp-json\/wp\/v2\/product\/5014","targetHints":{"allow":["GET"]}}],"collection":[{"href":"https:\/\/toskani.com\/ch\/fr\/wp-json\/wp\/v2\/product"}],"about":[{"href":"https:\/\/toskani.com\/ch\/fr\/wp-json\/wp\/v2\/types\/product"}],"wp:featuredmedia":[{"embeddable":true,"href":"https:\/\/toskani.com\/ch\/fr\/wp-json\/wp\/v2\/media\/5015"}],"wp:attachment":[{"href":"https:\/\/toskani.com\/ch\/fr\/wp-json\/wp\/v2\/media?parent=5014"}],"wp:term":[{"taxonomy":"product_cat","embeddable":true,"href":"https:\/\/toskani.com\/ch\/fr\/wp-json\/wp\/v2\/product_cat?post=5014"},{"taxonomy":"product_tag","embeddable":true,"href":"https:\/\/toskani.com\/ch\/fr\/wp-json\/wp\/v2\/product_tag?post=5014"}],"curies":[{"name":"wp","href":"https:\/\/api.w.org\/{rel}","templated":true}]}}