{"id":4979,"date":"2023-05-17T11:48:28","date_gmt":"2023-05-17T11:48:28","guid":{"rendered":"https:\/\/toskani.com\/ch\/product\/hyaluron-35\/"},"modified":"2024-01-02T09:25:29","modified_gmt":"2024-01-02T09:25:29","slug":"hyaluron-35","status":"publish","type":"product","link":"https:\/\/toskani.com\/ch\/fr\/produit\/hyaluron-35\/","title":{"rendered":"Hyaluron 3.5"},"content":{"rendered":"<p>Solution contenant 3,5 % d&#8217;acide hyaluronique pour un effet hydratant, revitalisant et anti-\u00e2ge.<\/p>\n<p>L&#8217;acide hyaluronique est une substance naturelle de la peau qui exerce une grande action hydratante gr\u00e2ce \u00e0 sa grande capacit\u00e9 de r\u00e9tention d&#8217;eau, jusqu&#8217;\u00e0 mille fois son poids mol\u00e9culaire. Il stimule la synth\u00e8se du collag\u00e8ne, donne de l&#8217;\u00e9lasticit\u00e9 \u00e0 la peau et aide \u00e0 pr\u00e9venir l&#8217;apparition des rides.<span class=\"Apple-converted-space\"> <\/span><\/p>\n","protected":false},"excerpt":{"rendered":"<p>Solution contenant 3,5 % d&#8217;acide hyaluronique pour un effet hydratant, revitalisant et anti-\u00e2ge. L&#8217;acide hyaluronique est une substance naturelle de la peau qui exerce une grande action hydratante gr\u00e2ce \u00e0 [&hellip;]<\/p>\n","protected":false},"featured_media":4980,"template":"","meta":[],"product_cat":[177,123,124],"product_tag":[],"class_list":["post-4979","product","type-product","status-publish","has-post-thumbnail","hentry","product_cat-ampollas-fr","product_cat-antiedad-fr","product_cat-facial-fr"],"acf":[],"aioseo_notices":[],"_links":{"self":[{"href":"https:\/\/toskani.com\/ch\/fr\/wp-json\/wp\/v2\/product\/4979","targetHints":{"allow":["GET"]}}],"collection":[{"href":"https:\/\/toskani.com\/ch\/fr\/wp-json\/wp\/v2\/product"}],"about":[{"href":"https:\/\/toskani.com\/ch\/fr\/wp-json\/wp\/v2\/types\/product"}],"wp:featuredmedia":[{"embeddable":true,"href":"https:\/\/toskani.com\/ch\/fr\/wp-json\/wp\/v2\/media\/4980"}],"wp:attachment":[{"href":"https:\/\/toskani.com\/ch\/fr\/wp-json\/wp\/v2\/media?parent=4979"}],"wp:term":[{"taxonomy":"product_cat","embeddable":true,"href":"https:\/\/toskani.com\/ch\/fr\/wp-json\/wp\/v2\/product_cat?post=4979"},{"taxonomy":"product_tag","embeddable":true,"href":"https:\/\/toskani.com\/ch\/fr\/wp-json\/wp\/v2\/product_tag?post=4979"}],"curies":[{"name":"wp","href":"https:\/\/api.w.org\/{rel}","templated":true}]}}