{"id":4971,"date":"2023-05-17T11:54:21","date_gmt":"2023-05-17T11:54:21","guid":{"rendered":"https:\/\/toskani.com\/ch\/product\/hyaluronidase\/"},"modified":"2024-01-02T09:25:24","modified_gmt":"2024-01-02T09:25:24","slug":"hyaluronidase","status":"publish","type":"product","link":"https:\/\/toskani.com\/ch\/fr\/produit\/hyaluronidase\/","title":{"rendered":"Hyaluronidase"},"content":{"rendered":"<p>Solution \u00e0 base de Hyaluronidase 1500 IU pour am\u00e9liorer l&#8217;\u00e9lasticit\u00e9 de la peau.<span class=\"Apple-converted-space\"> <\/span><\/p>\n","protected":false},"excerpt":{"rendered":"<p>Solution \u00e0 base de Hyaluronidase 1500 IU pour am\u00e9liorer l&#8217;\u00e9lasticit\u00e9 de la peau.<\/p>\n","protected":false},"featured_media":4972,"template":"","meta":[],"product_cat":[177,163],"product_tag":[],"class_list":["post-4971","product","type-product","status-publish","has-post-thumbnail","hentry","product_cat-ampollas-fr","product_cat-corporal-fr"],"acf":[],"aioseo_notices":[],"_links":{"self":[{"href":"https:\/\/toskani.com\/ch\/fr\/wp-json\/wp\/v2\/product\/4971","targetHints":{"allow":["GET"]}}],"collection":[{"href":"https:\/\/toskani.com\/ch\/fr\/wp-json\/wp\/v2\/product"}],"about":[{"href":"https:\/\/toskani.com\/ch\/fr\/wp-json\/wp\/v2\/types\/product"}],"wp:featuredmedia":[{"embeddable":true,"href":"https:\/\/toskani.com\/ch\/fr\/wp-json\/wp\/v2\/media\/4972"}],"wp:attachment":[{"href":"https:\/\/toskani.com\/ch\/fr\/wp-json\/wp\/v2\/media?parent=4971"}],"wp:term":[{"taxonomy":"product_cat","embeddable":true,"href":"https:\/\/toskani.com\/ch\/fr\/wp-json\/wp\/v2\/product_cat?post=4971"},{"taxonomy":"product_tag","embeddable":true,"href":"https:\/\/toskani.com\/ch\/fr\/wp-json\/wp\/v2\/product_tag?post=4971"}],"curies":[{"name":"wp","href":"https:\/\/api.w.org\/{rel}","templated":true}]}}