{"id":4896,"date":"2023-05-17T12:01:28","date_gmt":"2023-05-17T12:01:28","guid":{"rendered":"https:\/\/toskani.com\/ch\/product\/lumicen-gel\/"},"modified":"2024-01-02T09:25:23","modified_gmt":"2024-01-02T09:25:23","slug":"lumicen-gel","status":"publish","type":"product","link":"https:\/\/toskani.com\/ch\/fr\/produit\/lumicen-gel\/","title":{"rendered":"Gel Lumicen"},"content":{"rendered":"<p>Solution hydratante \u00e0 base d&#8217;ADN de sodium hautement polym\u00e9ris\u00e9. Effet antioxydant.  <span class=\"Apple-converted-space\"> <\/span><\/p>\n<p>L&#8217;ADN de sodium augmente la synth\u00e8se endog\u00e8ne d&#8217;acide hyaluronique et combat la d\u00e9gradation du collag\u00e8ne caus\u00e9e par le soleil, le tabac et le stress oxydatif. Le r\u00e9sultat est une peau r\u00e9g\u00e9n\u00e9r\u00e9e, hydrat\u00e9e et \u00e9lastique.<\/p>\n","protected":false},"excerpt":{"rendered":"<p>Solution hydratante \u00e0 base d&#8217;ADN de sodium hautement polym\u00e9ris\u00e9. Effet antioxydant. L&#8217;ADN de sodium augmente la synth\u00e8se endog\u00e8ne d&#8217;acide hyaluronique et combat la d\u00e9gradation du collag\u00e8ne caus\u00e9e par le soleil, [&hellip;]<\/p>\n","protected":false},"featured_media":4897,"template":"","meta":[],"product_cat":[177,123,124],"product_tag":[],"class_list":["post-4896","product","type-product","status-publish","has-post-thumbnail","hentry","product_cat-ampollas-fr","product_cat-antiedad-fr","product_cat-facial-fr"],"acf":[],"aioseo_notices":[],"_links":{"self":[{"href":"https:\/\/toskani.com\/ch\/fr\/wp-json\/wp\/v2\/product\/4896","targetHints":{"allow":["GET"]}}],"collection":[{"href":"https:\/\/toskani.com\/ch\/fr\/wp-json\/wp\/v2\/product"}],"about":[{"href":"https:\/\/toskani.com\/ch\/fr\/wp-json\/wp\/v2\/types\/product"}],"wp:featuredmedia":[{"embeddable":true,"href":"https:\/\/toskani.com\/ch\/fr\/wp-json\/wp\/v2\/media\/4897"}],"wp:attachment":[{"href":"https:\/\/toskani.com\/ch\/fr\/wp-json\/wp\/v2\/media?parent=4896"}],"wp:term":[{"taxonomy":"product_cat","embeddable":true,"href":"https:\/\/toskani.com\/ch\/fr\/wp-json\/wp\/v2\/product_cat?post=4896"},{"taxonomy":"product_tag","embeddable":true,"href":"https:\/\/toskani.com\/ch\/fr\/wp-json\/wp\/v2\/product_tag?post=4896"}],"curies":[{"name":"wp","href":"https:\/\/api.w.org\/{rel}","templated":true}]}}