{"id":4880,"date":"2023-05-17T12:04:42","date_gmt":"2023-05-17T12:04:42","guid":{"rendered":"https:\/\/toskani.com\/ch\/product\/myotec\/"},"modified":"2024-01-02T09:25:23","modified_gmt":"2024-01-02T09:25:23","slug":"myotec","status":"publish","type":"product","link":"https:\/\/toskani.com\/ch\/fr\/produit\/myotec\/","title":{"rendered":"Myotec"},"content":{"rendered":"<p>Ampoules monodoses \u00e0 base d&#8217;ac\u00e9tyl hexapeptide-8, \u00e0 effet tenseur, corrigeant les rides fines et les rides d&#8217;expression, en particulier sur le front, le contour des yeux et des l\u00e8vres.<span class=\"Apple-converted-space\"> <\/span><\/p>\n<p>L&#8217;emballage contient 20 ampoules de 2 ml.<span class=\"Apple-converted-space\"> <\/span><\/p>\n","protected":false},"excerpt":{"rendered":"<p>Ampoules monodoses \u00e0 base d&#8217;ac\u00e9tyl hexapeptide-8, \u00e0 effet tenseur, corrigeant les rides fines et les rides d&#8217;expression, en particulier sur le front, le contour des yeux et des l\u00e8vres. L&#8217;emballage [&hellip;]<\/p>\n","protected":false},"featured_media":4881,"template":"","meta":[],"product_cat":[177,123,124],"product_tag":[],"class_list":["post-4880","product","type-product","status-publish","has-post-thumbnail","hentry","product_cat-ampollas-fr","product_cat-antiedad-fr","product_cat-facial-fr"],"acf":[],"aioseo_notices":[],"_links":{"self":[{"href":"https:\/\/toskani.com\/ch\/fr\/wp-json\/wp\/v2\/product\/4880","targetHints":{"allow":["GET"]}}],"collection":[{"href":"https:\/\/toskani.com\/ch\/fr\/wp-json\/wp\/v2\/product"}],"about":[{"href":"https:\/\/toskani.com\/ch\/fr\/wp-json\/wp\/v2\/types\/product"}],"wp:featuredmedia":[{"embeddable":true,"href":"https:\/\/toskani.com\/ch\/fr\/wp-json\/wp\/v2\/media\/4881"}],"wp:attachment":[{"href":"https:\/\/toskani.com\/ch\/fr\/wp-json\/wp\/v2\/media?parent=4880"}],"wp:term":[{"taxonomy":"product_cat","embeddable":true,"href":"https:\/\/toskani.com\/ch\/fr\/wp-json\/wp\/v2\/product_cat?post=4880"},{"taxonomy":"product_tag","embeddable":true,"href":"https:\/\/toskani.com\/ch\/fr\/wp-json\/wp\/v2\/product_tag?post=4880"}],"curies":[{"name":"wp","href":"https:\/\/api.w.org\/{rel}","templated":true}]}}