{"id":4872,"date":"2023-05-17T12:06:19","date_gmt":"2023-05-17T12:06:19","guid":{"rendered":"https:\/\/toskani.com\/ch\/product\/phosphocol\/"},"modified":"2024-01-02T09:25:18","modified_gmt":"2024-01-02T09:25:18","slug":"phosphocol","status":"publish","type":"product","link":"https:\/\/toskani.com\/ch\/fr\/produit\/phosphocol\/","title":{"rendered":"Phosphocol"},"content":{"rendered":"<p>Ampoules monodoses \u00e0 effet amincissant et sculptant \u00e0 appliquer sur des zones localis\u00e9es. Sa composition est bas\u00e9e sur la phosphatidylcholine et le d\u00e9soxycholate de sodium. Il s&#8217;agit d&#8217;une solution tr\u00e8s efficace, en particulier pour les zones telles que le dos, les bras, l&#8217;abdomen et les poign\u00e9es d&#8217;amour.<span class=\"Apple-converted-space\"> <\/span><\/p>\n<p>L&#8217;emballage contient 20 ampoules de 5 ml.<span class=\"Apple-converted-space\"> <\/span><\/p>\n","protected":false},"excerpt":{"rendered":"<p>Ampoules monodoses \u00e0 effet amincissant et sculptant \u00e0 appliquer sur des zones localis\u00e9es. Sa composition est bas\u00e9e sur la phosphatidylcholine et le d\u00e9soxycholate de sodium. Il s&#8217;agit d&#8217;une solution tr\u00e8s [&hellip;]<\/p>\n","protected":false},"featured_media":4873,"template":"","meta":[],"product_cat":[177,163],"product_tag":[],"class_list":["post-4872","product","type-product","status-publish","has-post-thumbnail","hentry","product_cat-ampollas-fr","product_cat-corporal-fr"],"acf":[],"aioseo_notices":[],"_links":{"self":[{"href":"https:\/\/toskani.com\/ch\/fr\/wp-json\/wp\/v2\/product\/4872","targetHints":{"allow":["GET"]}}],"collection":[{"href":"https:\/\/toskani.com\/ch\/fr\/wp-json\/wp\/v2\/product"}],"about":[{"href":"https:\/\/toskani.com\/ch\/fr\/wp-json\/wp\/v2\/types\/product"}],"wp:featuredmedia":[{"embeddable":true,"href":"https:\/\/toskani.com\/ch\/fr\/wp-json\/wp\/v2\/media\/4873"}],"wp:attachment":[{"href":"https:\/\/toskani.com\/ch\/fr\/wp-json\/wp\/v2\/media?parent=4872"}],"wp:term":[{"taxonomy":"product_cat","embeddable":true,"href":"https:\/\/toskani.com\/ch\/fr\/wp-json\/wp\/v2\/product_cat?post=4872"},{"taxonomy":"product_tag","embeddable":true,"href":"https:\/\/toskani.com\/ch\/fr\/wp-json\/wp\/v2\/product_tag?post=4872"}],"curies":[{"name":"wp","href":"https:\/\/api.w.org\/{rel}","templated":true}]}}