{"id":4853,"date":"2023-05-17T12:11:17","date_gmt":"2023-05-17T12:11:17","guid":{"rendered":"https:\/\/toskani.com\/ch\/product\/polivitamin-bcae\/"},"modified":"2024-01-02T09:25:19","modified_gmt":"2024-01-02T09:25:19","slug":"polyvitamine-bcae","status":"publish","type":"product","link":"https:\/\/toskani.com\/ch\/fr\/produit\/polyvitamine-bcae\/","title":{"rendered":"Polyvitamine BCAE"},"content":{"rendered":"<p>Solution \u00e0 base de vitamines A, C, E et de vitamines du groupe B qui exercent une action tonifiante, revitalisante et antioxydante, am\u00e9liorant visiblement l&#8217;aspect de la peau.<span class=\"Apple-converted-space\"> <\/span><\/p>\n<p>Polivitamin BCAE est un cocktail de vitamines qui nourrit et r\u00e9g\u00e9n\u00e8re la peau.<\/p>\n","protected":false},"excerpt":{"rendered":"<p>Solution \u00e0 base de vitamines A, C, E et de vitamines du groupe B qui exercent une action tonifiante, revitalisante et antioxydante, am\u00e9liorant visiblement l&#8217;aspect de la peau. Polivitamin BCAE [&hellip;]<\/p>\n","protected":false},"featured_media":4855,"template":"","meta":[],"product_cat":[177,124,178],"product_tag":[],"class_list":["post-4853","product","type-product","status-publish","has-post-thumbnail","hentry","product_cat-ampollas-fr","product_cat-facial-fr","product_cat-proteccion-fr"],"acf":[],"aioseo_notices":[],"_links":{"self":[{"href":"https:\/\/toskani.com\/ch\/fr\/wp-json\/wp\/v2\/product\/4853","targetHints":{"allow":["GET"]}}],"collection":[{"href":"https:\/\/toskani.com\/ch\/fr\/wp-json\/wp\/v2\/product"}],"about":[{"href":"https:\/\/toskani.com\/ch\/fr\/wp-json\/wp\/v2\/types\/product"}],"wp:featuredmedia":[{"embeddable":true,"href":"https:\/\/toskani.com\/ch\/fr\/wp-json\/wp\/v2\/media\/4855"}],"wp:attachment":[{"href":"https:\/\/toskani.com\/ch\/fr\/wp-json\/wp\/v2\/media?parent=4853"}],"wp:term":[{"taxonomy":"product_cat","embeddable":true,"href":"https:\/\/toskani.com\/ch\/fr\/wp-json\/wp\/v2\/product_cat?post=4853"},{"taxonomy":"product_tag","embeddable":true,"href":"https:\/\/toskani.com\/ch\/fr\/wp-json\/wp\/v2\/product_tag?post=4853"}],"curies":[{"name":"wp","href":"https:\/\/api.w.org\/{rel}","templated":true}]}}