{"id":4735,"date":"2023-06-21T13:59:59","date_gmt":"2023-06-21T13:59:59","guid":{"rendered":"https:\/\/toskani.com\/ch\/product\/purifying-cream\/"},"modified":"2024-01-02T08:54:38","modified_gmt":"2024-01-02T08:54:38","slug":"creme-purifiante","status":"publish","type":"product","link":"https:\/\/toskani.com\/ch\/fr\/produit\/creme-purifiante\/","title":{"rendered":"Cr\u00e8me purifiante"},"content":{"rendered":"<p class=\"p1\"><span class=\"s1\">Sans huile et de texture l\u00e9g\u00e8re, les produits de la gamme Purifying  <\/span><span class=\"s1\">contr\u00f4ler les l\u00e9sions acn\u00e9iques et pr\u00e9venir les l\u00e9sions futures, tout en r\u00e9duisant l&#8217;irritation de la peau et en acc\u00e9l\u00e9rant la cicatrisation. Recommand\u00e9 pour les peaux sujettes \u00e0 l&#8217;acn\u00e9 et \u00e0 la formation de boutons.  <\/span><span class=\"s1\">et les boutons.<\/span><\/p>\n<p class=\"p7\">\n","protected":false},"excerpt":{"rendered":"<p>Sans huile et de texture l\u00e9g\u00e8re, les produits de la gamme Purifying contr\u00f4ler les l\u00e9sions acn\u00e9iques et pr\u00e9venir les l\u00e9sions futures, tout en r\u00e9duisant l&#8217;irritation de la peau et en [&hellip;]<\/p>\n","protected":false},"featured_media":4736,"template":"","meta":[],"product_cat":[157,142,124],"product_tag":[],"class_list":["post-4735","product","type-product","status-publish","has-post-thumbnail","hentry","product_cat-anti-acne-fr","product_cat-cremas-fr","product_cat-facial-fr"],"acf":[],"aioseo_notices":[],"_links":{"self":[{"href":"https:\/\/toskani.com\/ch\/fr\/wp-json\/wp\/v2\/product\/4735","targetHints":{"allow":["GET"]}}],"collection":[{"href":"https:\/\/toskani.com\/ch\/fr\/wp-json\/wp\/v2\/product"}],"about":[{"href":"https:\/\/toskani.com\/ch\/fr\/wp-json\/wp\/v2\/types\/product"}],"wp:featuredmedia":[{"embeddable":true,"href":"https:\/\/toskani.com\/ch\/fr\/wp-json\/wp\/v2\/media\/4736"}],"wp:attachment":[{"href":"https:\/\/toskani.com\/ch\/fr\/wp-json\/wp\/v2\/media?parent=4735"}],"wp:term":[{"taxonomy":"product_cat","embeddable":true,"href":"https:\/\/toskani.com\/ch\/fr\/wp-json\/wp\/v2\/product_cat?post=4735"},{"taxonomy":"product_tag","embeddable":true,"href":"https:\/\/toskani.com\/ch\/fr\/wp-json\/wp\/v2\/product_tag?post=4735"}],"curies":[{"name":"wp","href":"https:\/\/api.w.org\/{rel}","templated":true}]}}