{"id":4719,"date":"2023-06-21T14:14:03","date_gmt":"2023-06-21T14:14:03","guid":{"rendered":"https:\/\/toskani.com\/ch\/product\/radiance-ultimate-mesoserum\/"},"modified":"2024-01-02T08:54:18","modified_gmt":"2024-01-02T08:54:18","slug":"radiance-ultimate-mesoserum","status":"publish","type":"product","link":"https:\/\/toskani.com\/ch\/fr\/produit\/radiance-ultimate-mesoserum\/","title":{"rendered":"Radiance Ultimate mesoserum"},"content":{"rendered":"<p class=\"p1\"><span class=\"s1\">Il a une action \u00e0 long terme qui donne \u00e0 la peau l\u00e9g\u00e8ret\u00e9, \u00e9clat et uniformit\u00e9 du teint.<\/span><\/p>\n","protected":false},"excerpt":{"rendered":"<p>Il a une action \u00e0 long terme qui donne \u00e0 la peau l\u00e9g\u00e8ret\u00e9, \u00e9clat et uniformit\u00e9 du teint.<\/p>\n","protected":false},"featured_media":4720,"template":"","meta":[],"product_cat":[152,124,125],"product_tag":[],"class_list":["post-4719","product","type-product","status-publish","has-post-thumbnail","hentry","product_cat-despigmentacion-fr","product_cat-facial-fr","product_cat-serums-fr"],"acf":[],"aioseo_notices":[],"_links":{"self":[{"href":"https:\/\/toskani.com\/ch\/fr\/wp-json\/wp\/v2\/product\/4719","targetHints":{"allow":["GET"]}}],"collection":[{"href":"https:\/\/toskani.com\/ch\/fr\/wp-json\/wp\/v2\/product"}],"about":[{"href":"https:\/\/toskani.com\/ch\/fr\/wp-json\/wp\/v2\/types\/product"}],"wp:featuredmedia":[{"embeddable":true,"href":"https:\/\/toskani.com\/ch\/fr\/wp-json\/wp\/v2\/media\/4720"}],"wp:attachment":[{"href":"https:\/\/toskani.com\/ch\/fr\/wp-json\/wp\/v2\/media?parent=4719"}],"wp:term":[{"taxonomy":"product_cat","embeddable":true,"href":"https:\/\/toskani.com\/ch\/fr\/wp-json\/wp\/v2\/product_cat?post=4719"},{"taxonomy":"product_tag","embeddable":true,"href":"https:\/\/toskani.com\/ch\/fr\/wp-json\/wp\/v2\/product_tag?post=4719"}],"curies":[{"name":"wp","href":"https:\/\/api.w.org\/{rel}","templated":true}]}}