{"id":4711,"date":"2023-06-21T14:17:09","date_gmt":"2023-06-21T14:17:09","guid":{"rendered":"https:\/\/toskani.com\/ch\/product\/radiance-eye-contour\/"},"modified":"2024-01-02T08:25:51","modified_gmt":"2024-01-02T08:25:51","slug":"contour-des-yeux-radieux","status":"publish","type":"product","link":"https:\/\/toskani.com\/ch\/fr\/produit\/contour-des-yeux-radieux\/","title":{"rendered":"Contour des yeux \u00e9clatant"},"content":{"rendered":"<p><span class=\"s1\">R\u00e9duit les poches et les cernes, favorise le drainage et la microcirculation du contour de l&#8217;\u0153il et des paupi\u00e8res.<\/span><\/p>\n<p>Lisse les ridules et hydrate en profondeur la zone la plus d\u00e9licate du visage.<\/p>\n","protected":false},"excerpt":{"rendered":"<p>R\u00e9duit les poches et les cernes, favorise le drainage et la microcirculation du contour de l&#8217;\u0153il et des paupi\u00e8res. Lisse les ridules et hydrate en profondeur la zone la plus [&hellip;]<\/p>\n","protected":false},"featured_media":4712,"template":"","meta":[],"product_cat":[142,152,124],"product_tag":[],"class_list":["post-4711","product","type-product","status-publish","has-post-thumbnail","hentry","product_cat-cremas-fr","product_cat-despigmentacion-fr","product_cat-facial-fr"],"acf":[],"aioseo_notices":[],"_links":{"self":[{"href":"https:\/\/toskani.com\/ch\/fr\/wp-json\/wp\/v2\/product\/4711","targetHints":{"allow":["GET"]}}],"collection":[{"href":"https:\/\/toskani.com\/ch\/fr\/wp-json\/wp\/v2\/product"}],"about":[{"href":"https:\/\/toskani.com\/ch\/fr\/wp-json\/wp\/v2\/types\/product"}],"wp:featuredmedia":[{"embeddable":true,"href":"https:\/\/toskani.com\/ch\/fr\/wp-json\/wp\/v2\/media\/4712"}],"wp:attachment":[{"href":"https:\/\/toskani.com\/ch\/fr\/wp-json\/wp\/v2\/media?parent=4711"}],"wp:term":[{"taxonomy":"product_cat","embeddable":true,"href":"https:\/\/toskani.com\/ch\/fr\/wp-json\/wp\/v2\/product_cat?post=4711"},{"taxonomy":"product_tag","embeddable":true,"href":"https:\/\/toskani.com\/ch\/fr\/wp-json\/wp\/v2\/product_tag?post=4711"}],"curies":[{"name":"wp","href":"https:\/\/api.w.org\/{rel}","templated":true}]}}