{"id":4694,"date":"2023-09-01T07:45:31","date_gmt":"2023-09-01T07:45:31","guid":{"rendered":"https:\/\/toskani.com\/ch\/product\/glacier-pro-age-advanced-cream\/"},"modified":"2024-01-02T08:23:22","modified_gmt":"2024-01-02T08:23:22","slug":"glacier-pro-age-creme-avancee","status":"publish","type":"product","link":"https:\/\/toskani.com\/ch\/fr\/produit\/glacier-pro-age-creme-avancee\/","title":{"rendered":"Glacier Pro Age &#8211; Advanced Cream"},"content":{"rendered":"<p class=\"p1\">Cr\u00e8me l\u00e9g\u00e8re qui donne un fini frais pendant l&#8217;application, avec une extensibilit\u00e9 et une absorption excellentes. Aide \u00e0 pr\u00e9venir les premiers signes de vieillissement, en apportant une hydratation maximale, en illuminant et en renfor\u00e7ant la barri\u00e8re cutan\u00e9e.<\/p>\n","protected":false},"excerpt":{"rendered":"<p>Cr\u00e8me l\u00e9g\u00e8re qui donne un fini frais pendant l&#8217;application, avec une extensibilit\u00e9 et une absorption excellentes. Aide \u00e0 pr\u00e9venir les premiers signes de vieillissement, en apportant une hydratation maximale, en [&hellip;]<\/p>\n","protected":false},"featured_media":4695,"template":"","meta":[],"product_cat":[123,142,124],"product_tag":[],"class_list":["post-4694","product","type-product","status-publish","has-post-thumbnail","hentry","product_cat-antiedad-fr","product_cat-cremas-fr","product_cat-facial-fr"],"acf":[],"aioseo_notices":[],"_links":{"self":[{"href":"https:\/\/toskani.com\/ch\/fr\/wp-json\/wp\/v2\/product\/4694","targetHints":{"allow":["GET"]}}],"collection":[{"href":"https:\/\/toskani.com\/ch\/fr\/wp-json\/wp\/v2\/product"}],"about":[{"href":"https:\/\/toskani.com\/ch\/fr\/wp-json\/wp\/v2\/types\/product"}],"wp:featuredmedia":[{"embeddable":true,"href":"https:\/\/toskani.com\/ch\/fr\/wp-json\/wp\/v2\/media\/4695"}],"wp:attachment":[{"href":"https:\/\/toskani.com\/ch\/fr\/wp-json\/wp\/v2\/media?parent=4694"}],"wp:term":[{"taxonomy":"product_cat","embeddable":true,"href":"https:\/\/toskani.com\/ch\/fr\/wp-json\/wp\/v2\/product_cat?post=4694"},{"taxonomy":"product_tag","embeddable":true,"href":"https:\/\/toskani.com\/ch\/fr\/wp-json\/wp\/v2\/product_tag?post=4694"}],"curies":[{"name":"wp","href":"https:\/\/api.w.org\/{rel}","templated":true}]}}