{"id":4524,"date":"2023-09-05T13:33:10","date_gmt":"2023-09-05T13:33:10","guid":{"rendered":"https:\/\/toskani.com\/ch\/product\/glacier-pro-age-advanced-serum\/"},"modified":"2024-01-02T08:20:04","modified_gmt":"2024-01-02T08:20:04","slug":"glacier-pro-age-avance-serum","status":"publish","type":"product","link":"https:\/\/toskani.com\/ch\/fr\/produit\/glacier-pro-age-avance-serum\/","title":{"rendered":"Glacier Pro Age Advanced Serum"},"content":{"rendered":"<p>S\u00e9rum l\u00e9ger qui procure une sensation d&#8217;hydratation et de fra\u00eecheur apr\u00e8s application. Contient de l&#8217;eau thermale glaciaire et des extraits marins qui aident \u00e0 att\u00e9nuer les rides, en apportant fermet\u00e9, hydratation et \u00e9lasticit\u00e9 \u00e0 la peau.<\/p>\n","protected":false},"excerpt":{"rendered":"<p>S\u00e9rum l\u00e9ger qui procure une sensation d&#8217;hydratation et de fra\u00eecheur apr\u00e8s application. Contient de l&#8217;eau thermale glaciaire et des extraits marins qui aident \u00e0 att\u00e9nuer les rides, en apportant fermet\u00e9, [&hellip;]<\/p>\n","protected":false},"featured_media":4525,"template":"","meta":[],"product_cat":[123,124,125],"product_tag":[],"class_list":["post-4524","product","type-product","status-publish","has-post-thumbnail","hentry","product_cat-antiedad-fr","product_cat-facial-fr","product_cat-serums-fr"],"acf":[],"aioseo_notices":[],"_links":{"self":[{"href":"https:\/\/toskani.com\/ch\/fr\/wp-json\/wp\/v2\/product\/4524","targetHints":{"allow":["GET"]}}],"collection":[{"href":"https:\/\/toskani.com\/ch\/fr\/wp-json\/wp\/v2\/product"}],"about":[{"href":"https:\/\/toskani.com\/ch\/fr\/wp-json\/wp\/v2\/types\/product"}],"wp:featuredmedia":[{"embeddable":true,"href":"https:\/\/toskani.com\/ch\/fr\/wp-json\/wp\/v2\/media\/4525"}],"wp:attachment":[{"href":"https:\/\/toskani.com\/ch\/fr\/wp-json\/wp\/v2\/media?parent=4524"}],"wp:term":[{"taxonomy":"product_cat","embeddable":true,"href":"https:\/\/toskani.com\/ch\/fr\/wp-json\/wp\/v2\/product_cat?post=4524"},{"taxonomy":"product_tag","embeddable":true,"href":"https:\/\/toskani.com\/ch\/fr\/wp-json\/wp\/v2\/product_tag?post=4524"}],"curies":[{"name":"wp","href":"https:\/\/api.w.org\/{rel}","templated":true}]}}