{"id":4510,"date":"2023-09-05T14:59:34","date_gmt":"2023-09-05T14:59:34","guid":{"rendered":"https:\/\/toskani.com\/ch\/product\/myotec-eye-lift\/"},"modified":"2024-01-02T08:19:14","modified_gmt":"2024-01-02T08:19:14","slug":"myotec-eye-lif","status":"publish","type":"product","link":"https:\/\/toskani.com\/ch\/fr\/produit\/myotec-eye-lif\/","title":{"rendered":"Myotec Eye Lift"},"content":{"rendered":"<p>Contour des yeux qui traite globalement les principaux probl\u00e8mes de la zone : rides d&#8217;expression, cernes, r\u00e9duction des poches et lifting de la paupi\u00e8re. Il forme un film fin, nourrissant et velout\u00e9 sans laisser de r\u00e9sidu ni de sensation collante.<\/p>\n","protected":false},"excerpt":{"rendered":"<p>Contour des yeux qui traite globalement les principaux probl\u00e8mes de la zone : rides d&#8217;expression, cernes, r\u00e9duction des poches et lifting de la paupi\u00e8re. Il forme un film fin, nourrissant [&hellip;]<\/p>\n","protected":false},"featured_media":4511,"template":"","meta":[],"product_cat":[123,147,124],"product_tag":[],"class_list":["post-4510","product","type-product","status-publish","has-post-thumbnail","hentry","product_cat-antiedad-fr","product_cat-contorno-de-ojos-fr","product_cat-facial-fr"],"acf":[],"aioseo_notices":[],"_links":{"self":[{"href":"https:\/\/toskani.com\/ch\/fr\/wp-json\/wp\/v2\/product\/4510","targetHints":{"allow":["GET"]}}],"collection":[{"href":"https:\/\/toskani.com\/ch\/fr\/wp-json\/wp\/v2\/product"}],"about":[{"href":"https:\/\/toskani.com\/ch\/fr\/wp-json\/wp\/v2\/types\/product"}],"wp:featuredmedia":[{"embeddable":true,"href":"https:\/\/toskani.com\/ch\/fr\/wp-json\/wp\/v2\/media\/4511"}],"wp:attachment":[{"href":"https:\/\/toskani.com\/ch\/fr\/wp-json\/wp\/v2\/media?parent=4510"}],"wp:term":[{"taxonomy":"product_cat","embeddable":true,"href":"https:\/\/toskani.com\/ch\/fr\/wp-json\/wp\/v2\/product_cat?post=4510"},{"taxonomy":"product_tag","embeddable":true,"href":"https:\/\/toskani.com\/ch\/fr\/wp-json\/wp\/v2\/product_tag?post=4510"}],"curies":[{"name":"wp","href":"https:\/\/api.w.org\/{rel}","templated":true}]}}